{"id":3040,"date":"2024-07-12T20:01:00","date_gmt":"2024-07-12T20:01:00","guid":{"rendered":"https:\/\/aquilon.com\/?page_id=3040"},"modified":"2024-07-12T20:01:02","modified_gmt":"2024-07-12T20:01:02","slug":"conditions-dutilisation","status":"publish","type":"page","link":"https:\/\/aquilon.com\/fr\/conditions-dutilisation\/","title":{"rendered":"Conditions d\u2019utilisation"},"content":{"rendered":"\n<div id=\"tri-big-banner-block_dfa99e4b2b0344ec1dc75723cb712241\" class=\"tri-big-banner mb-60\">\n \n        \n    <div class=\"tri-big-banner__image\">\n                    <img decoding=\"async\" src=\"https:\/\/aquilon.com\/wp-content\/uploads\/2021\/08\/beautiful-outdoor-tropical-beach-sea-paradise-island.jpg\" alt=\"\">\n                \n            <\/div>\n\n    <div class=\"tri-big-banner__contact\">\n        <div class=\"container\">\n            <div class=\"row align-items-center justify-content-between flex-md-row flex-column\">\n                                    <div class=\"col-xl-7 col-lg-8 col-md-9 col-12\">\n                                                    <h1 class=\"tri-big-banner__contact-title\">Conditions d\u2019utilisation<\/h1>\n                                            <\/div>\n\n                    <div class=\"col-md-3 col-12 text-right\">\n                                            <\/div>\n                            <\/div>\n        <\/div>\n    <\/div>\n<\/div>\n\n<div class=\"wp-block-group\"><div class=\"wp-block-group__inner-container is-layout-constrained wp-block-group-is-layout-constrained\">\n<div class=\"wp-block-columns container is-layout-flex wp-container-core-columns-is-layout-9d6595d7 wp-block-columns-is-layout-flex\">\n<div class=\"wp-block-column is-layout-flow wp-block-column-is-layout-flow\">\n<p>Derni\u00e8re mise \u00e0 jour le 8 mars 2024<\/p>\n\n\n\n<p>En utilisant ce site web, vous acceptez express\u00e9ment les conditions d&rsquo;utilisation suivantes :<\/p>\n\n\n\n<p>Utilisation du site web<br\/>Ce site Web est fourni par Aquilon pour communiquer des informations sur les produits et services Aquilon et\/ou des informations g\u00e9n\u00e9rales sur l&rsquo;entreprise. En visitant ou en utilisant ce site web, y compris, mais sans s&rsquo;y limiter, l&rsquo;acc\u00e8s, l&rsquo;utilisation et\/ou le t\u00e9l\u00e9chargement d&rsquo;informations, de donn\u00e9es, de textes, de logiciels ou d&rsquo;images, ou de tout autre contenu de ce site web, ou en utilisant tout service li\u00e9 au site web, vous vous engagez, en votre nom propre et au nom de toute entit\u00e9 au nom de laquelle vous pouvez agir, \u00e0 accepter et \u00e0 respecter les conditions g\u00e9n\u00e9rales pour chaque utilisation et chaque visite de ce site web. Si vous n&rsquo;\u00eates pas d&rsquo;accord avec les pr\u00e9sentes conditions g\u00e9n\u00e9rales ou si vous n&rsquo;\u00eates pas satisfait du site web de quelque mani\u00e8re que ce soit, vous devez cesser de l&rsquo;utiliser.<br\/>Aquilon a le droit, \u00e0 sa seule discr\u00e9tion, d&rsquo;ajouter, de supprimer, de modifier ou de changer toute partie des conditions g\u00e9n\u00e9rales, en tout ou en partie, \u00e0 tout moment et sans pr\u00e9avis, et les changements entreront en vigueur imm\u00e9diatement apr\u00e8s leur mise \u00e0 jour sur notre site web. La poursuite de l&rsquo;utilisation de ce site apr\u00e8s la publication de ces modifications vaut acceptation de celles-ci. Les pr\u00e9sentes conditions g\u00e9n\u00e9rales s&rsquo;appliquent exclusivement \u00e0 votre utilisation de ce site Web et ne modifient pas les conditions g\u00e9n\u00e9rales de tout autre accord que vous pourriez avoir avec Aquilon.<\/p>\n\n\n\n<p>Changements sur le site web<br\/>Aquilon peut, \u00e0 tout moment, sans pr\u00e9avis ni responsabilit\u00e9, et pour quelque raison que ce soit, r\u00e9silier, modifier, suspendre ou interrompre tout aspect de ce Site, y compris, mais sans s&rsquo;y limiter :<br\/>modifier la disponibilit\u00e9, restreindre l&rsquo;acc\u00e8s ou imposer des limites \u00e0 l&rsquo;une ou \u00e0 l&rsquo;ensemble des fonctionnalit\u00e9s ou des services du site web<br\/>supprimer, ajouter, modifier, corriger ou changer de quelque mani\u00e8re que ce soit tout contenu de ce site web sans obligation de fournir un avis de quelque nature que ce soit.<\/p>\n\n\n\n<p>Utilisations autoris\u00e9es<br\/>Vous acceptez de n&rsquo;utiliser le site web qu&rsquo;\u00e0 des fins licites et vous vous voyez accorder un droit non exclusif, non transf\u00e9rable, r\u00e9vocable et limit\u00e9 d&rsquo;utiliser le site web uniquement \u00e0 des fins personnelles ou internes \u00e0 l&rsquo;entreprise. Vous pouvez t\u00e9l\u00e9charger ou faire une seule copie de tout ou partie du contenu pour votre usage personnel, \u00e0 condition que les mentions de droits d&rsquo;auteur et\/ou de marques d\u00e9pos\u00e9es sur votre copie restent intactes.<\/p>\n\n\n\n<p>Utilisations interdites<br\/>Vous ne pouvez pas directement ou indirectement :<br\/>Supprimer de toute copie du contenu, les avis de droits d&rsquo;auteur ou autres avis de propri\u00e9t\u00e9 contenus dans le contenu ;<br\/>vendre, modifier, supprimer ou tenter de modifier le contenu de quelque mani\u00e8re que ce soit, ou reproduire ou afficher publiquement, ex\u00e9cuter, distribuer ou utiliser de quelque mani\u00e8re que ce soit le contenu \u00e0 des fins publiques, commerciales ou non personnelles, y compris, mais sans s&rsquo;y limiter, l&rsquo;utilisation du contenu sur un autre site web ;<br\/>Imprimer ou copier tout ou partie du HTML accessible sur ce site web ;<br\/>Utiliser ce site d&rsquo;une mani\u00e8re susceptible d&rsquo;endommager, de d\u00e9sactiver, de surcharger, d&rsquo;alt\u00e9rer, d&rsquo;interf\u00e9rer avec la s\u00e9curit\u00e9, d&rsquo;affecter n\u00e9gativement le fonctionnement ou d&rsquo;abuser d&rsquo;une autre mani\u00e8re de ce site ou de tout service, ressource syst\u00e8me, compte, serveur, r\u00e9seau, site affili\u00e9 ou li\u00e9, connect\u00e9 ou accessible via ce site, y compris, sans s&rsquo;y limiter, le t\u00e9l\u00e9chargement ou la transmission de tout \u00e9l\u00e9ment susceptible d&rsquo;imposer une charge d\u00e9raisonnable ou disproportionn\u00e9e \u00e0 l&rsquo;infrastructure de ce site ; ou utiliser tout autre programme ou dispositif automatique pour copier, r\u00e9sumer ou extraire d&rsquo;une autre mani\u00e8re des informations de ce site, en tout ou en partie ;<br\/>Aquilon peut impliquer les autorit\u00e9s charg\u00e9es de l&rsquo;application de la loi et coop\u00e9rer avec elles pour poursuivre les utilisateurs impliqu\u00e9s dans une utilisation ill\u00e9gale du site web et se r\u00e9serve le droit de divulguer \u00e0 tout moment toute information concernant votre utilisation du site web si cela s&rsquo;av\u00e8re n\u00e9cessaire pour satisfaire \u00e0 une loi, une r\u00e9glementation ou une demande gouvernementale.<\/p>\n\n\n\n<p>Droits de propri\u00e9t\u00e9<br\/>Ce site web, y compris mais sans s&rsquo;y limiter, tout le contenu, est prot\u00e9g\u00e9 par les lois mondiales sur les droits d&rsquo;auteur. Toute copie, redistribution, reproduction ou modification non autoris\u00e9e du contenu par une personne quelconque peut constituer une violation des lois sur les marques de commerce et\/ou les droits d&rsquo;auteur et peut entra\u00eener des poursuites judiciaires \u00e0 l&rsquo;encontre de cette personne. Vous vous engagez \u00e0 respecter toutes les lois sur les droits d&rsquo;auteur dans le monde entier lorsque vous utilisez ce site web et \u00e0 emp\u00eacher toute copie non autoris\u00e9e du contenu.<br\/>Les autres marques, noms commerciaux et\/ou produits et services associ\u00e9s mentionn\u00e9s sur ce site Web peuvent \u00eatre des marques de leurs propri\u00e9taires respectifs. L&rsquo;affichage de ces marques, noms commerciaux et\/ou produits et services associ\u00e9s sur le pr\u00e9sent site web ne conf\u00e8re ni ne cr\u00e9e aucune licence ni aucun autre droit sur ces marques ou noms commerciaux. Toute utilisation non autoris\u00e9e est strictement interdite.<br\/>Liens<br\/>Certains liens sur ce site web peuvent vous conduire \u00e0 d&rsquo;autres sites web. Ces liens sont fournis \u00e0 titre de commodit\u00e9 UNIQUEMENT et ne sont pas n\u00e9cessairement sous le contr\u00f4le d&rsquo;Aquilon. Par cons\u00e9quent, Aquilon n&rsquo;est pas responsable du contenu de ces sites web li\u00e9s et ne fait aucune d\u00e9claration, garantie ou approbation des produits ou services d\u00e9crits sur le site web li\u00e9. La visite de tout site web li\u00e9 se fait \u00e0 vos propres risques.<br\/>Aquilon accueille favorablement les liens vers le pr\u00e9sent site web \u00e0 condition qu&rsquo;une demande de lien soit pr\u00e9sent\u00e9e et accord\u00e9e par \u00e9crit, d\u00e9crivant la nature et l&#8217;emplacement du lien. Aquilon se r\u00e9serve le droit de d\u00e9sactiver les liens entre les sites web de tiers et le pr\u00e9sent site web.<br\/>Confidentialit\u00e9 Toute information personnelle collect\u00e9e ou transf\u00e9r\u00e9e \u00e0 Aquilon via ce site Web est soumise \u00e0 notre politique de confidentialit\u00e9.<\/p>\n\n\n\n<p>Contenu<br\/>Aquilon fait des efforts raisonnables pour s&rsquo;assurer que le contenu fourni sur ce site Web est exact et \u00e0 jour. Aucune garantie d&rsquo;aucune sorte n&rsquo;est donn\u00e9e quant \u00e0 l&rsquo;exactitude, la fiabilit\u00e9, l&rsquo;actualit\u00e9 ou l&rsquo;exhaustivit\u00e9 du site web \u00e0 un moment donn\u00e9. Tout le contenu est fourni \u00ab\u00a0en l&rsquo;\u00e9tat\u00a0\u00bb et utilis\u00e9 \u00e0 vos risques et p\u00e9rils. Aquilon ne garantit ni n&rsquo;implique en aucune mani\u00e8re que ce site Web fonctionnera ind\u00e9finiment, sans interruption ou sans erreur.<\/p>\n\n\n\n<p>Limitation de la responsabilit\u00e9<br\/>Vous convenez express\u00e9ment qu&rsquo;en aucun cas Aquilon ou l&rsquo;une de ses soci\u00e9t\u00e9s affili\u00e9es ne sera responsable de toute perte ou de tout dommage, quel qu&rsquo;il soit, directement ou indirectement associ\u00e9 \u00e0 votre utilisation, votre acc\u00e8s, votre perte d&rsquo;utilisation ou votre perte d&rsquo;acc\u00e8s \u00e0 tout contenu de ce site Web ou de tout site Web li\u00e9.<br\/>En outre, vous acceptez de d\u00e9fendre et de d\u00e9gager de toute responsabilit\u00e9 Aquilon et chacun de leurs dirigeants, administrateurs, employ\u00e9s et agents, y compris tous les tiers mentionn\u00e9s sur le site web, contre toute r\u00e9clamation r\u00e9sultant pr\u00e9tendument de votre utilisation du site web.<br\/>Les pr\u00e9sentes conditions g\u00e9n\u00e9rales et tous les documents connexes seront r\u00e9dig\u00e9s en anglais.<\/p>\n\n\n\n<p>Des questions?<br\/>N&rsquo;h\u00e9sitez pas \u00e0 nous contacter \u00e0 tout moment si vous avez des questions concernant les pr\u00e9sentes conditions g\u00e9n\u00e9rales.<\/p>\n\n\n\n<p>Exclusion de garantie ; limitation de responsabilit\u00e9<br\/>VOUS COMPRENEZ ET ACCEPTEZ QUE L&rsquo;UTILISATION DU SITE SE FAIT \u00c0 VOS RISQUES ET P\u00c9RILS. LE SITE ET LES SERVICES CONNEXES SONT FOURNIS \u00ab\u00a0EN L&rsquo;\u00c9TAT\u00a0\u00bb, \u00ab\u00a0TELS QUE DISPONIBLES\u00a0\u00bb, SANS GARANTIE NI D\u00c9CLARATION D&rsquo;AUCUNE SORTE, EXPRESSE OU IMPLICITE, Y COMPRIS, MAIS SANS S&rsquo;Y LIMITER, LES GARANTIES DE TITRE, D&rsquo;ABSENCE DE CONTREFA\u00c7ON OU LES GARANTIES IMPLICITES DE QUALIT\u00c9 MARCHANDE OU D&rsquo;AD\u00c9QUATION \u00c0 UN USAGE PARTICULIER, AUTRES QUE LES GARANTIES QUI SONT IMPLICITES ET NE PEUVENT \u00caTRE EXCLUES EN VERTU DE LA LOI. VOUS RECONNAISSEZ SP\u00c9CIFIQUEMENT QUE CAPTIVA BRANDS, SA SOCI\u00c9T\u00c9 M\u00c8RE, SES FILIALES, SES SOCI\u00c9T\u00c9S AFFILI\u00c9ES, SES SOCI\u00c9T\u00c9S APPARENT\u00c9ES, SES FOURNISSEURS, SES ANNONCEURS, SES SPONSORS, SES PRESTATAIRES DE SERVICES TIERS, AINSI QUE LEURS EMPLOY\u00c9S, DIRIGEANTS, ADMINISTRATEURS ET AGENTS RESPECTIFS, NE PEUVENT \u00caTRE TENUS RESPONSABLES ENVERS VOUS OU UN TIERS DE TOUT DOMMAGE OU PR\u00c9JUDICE DIRECT, INDIRECT, ACCESSOIRE, SP\u00c9CIAL, PUNITIF OU CONS\u00c9CUTIF R\u00c9SULTANT DE L&rsquo;UTILISATION OU DE L&rsquo;IMPOSSIBILIT\u00c9 D&rsquo;UTILISER LE SITE OU DE LA VIOLATION D&rsquo;UNE GARANTIE, OU CAUS\u00c9S PAR UN D\u00c9FAUT DE PERFORMANCE, UNE ERREUR, UNE OMISSION, UNE INTERRUPTION, UNE SUPPRESSION, UN D\u00c9FAUT, UN RETARD DANS LE FONCTIONNEMENT OU LA TRANSMISSION, UN VIRUS INFORMATIQUE, UNE PANNE DE LIGNE DE COMMUNICATION, UN VOL OU UNE DESTRUCTION OU UN ACC\u00c8S NON AUTORIS\u00c9 ET\/OU UNE ALT\u00c9RATION DU SITE, QUE CE SOIT EN RAISON D&rsquo;UNE RUPTURE DE CONTRAT, D&rsquo;UN COMPORTEMENT D\u00c9LICTUEUX, D&rsquo;UNE N\u00c9GLIGENCE OU DE TOUTE AUTRE CAUSE D&rsquo;ACTION, M\u00caME SI NOUS OU LA PARTIE CONCERN\u00c9E AVONS \u00c9T\u00c9 INFORM\u00c9S DE LA POSSIBILIT\u00c9 DE TELS DOMMAGES. ICONIX N&rsquo;APPROUVE PAS ET N&rsquo;EST PAS RESPONSABLE DE L&rsquo;EXACTITUDE OU DE LA FIABILIT\u00c9 DE TOUTE OPINION, CONSEIL OU D\u00c9CLARATION SUR LE SITE, NI DE TOUT MESSAGE OFFENSANT, DIFFAMATOIRE OU OBSC\u00c8NE PUBLI\u00c9 SUR LE SITE PAR QUI QUE CE SOIT. EN AUCUN CAS, CAPTIVA BRANDS NE SERA RESPONSABLE DE TOUTE PERTE OU DE TOUT DOMMAGE CAUS\u00c9 PAR VOTRE UTILISATION OU VOTRE CONFIANCE DANS LES INFORMATIONS OBTENUES PAR LE BIAIS DU CONTENU ET\/OU DE TOUTE PUBLICATION SUR LE SITE.<\/p>\n<\/div>\n<\/div>\n<\/div><\/div>\n","protected":false},"excerpt":{"rendered":"<p>Derni\u00e8re mise \u00e0 jour le 8 mars 2024 En utilisant ce site web, vous acceptez express\u00e9ment les conditions d&rsquo;utilisation suivantes : Utilisation du site webCe site Web est fourni par Aquilon pour communiquer des informations sur les produits et services Aquilon et\/ou des informations g\u00e9n\u00e9rales sur l&rsquo;entreprise. En visitant ou en utilisant ce site web, [&hellip;]<\/p>\n","protected":false},"author":5,"featured_media":0,"parent":0,"menu_order":0,"comment_status":"closed","ping_status":"closed","template":"","meta":{"_acf_changed":false,"inline_featured_image":false,"footnotes":""},"class_list":["post-3040","page","type-page","status-publish","hentry"],"acf":[],"_links":{"self":[{"href":"https:\/\/aquilon.com\/fr\/wp-json\/wp\/v2\/pages\/3040","targetHints":{"allow":["GET"]}}],"collection":[{"href":"https:\/\/aquilon.com\/fr\/wp-json\/wp\/v2\/pages"}],"about":[{"href":"https:\/\/aquilon.com\/fr\/wp-json\/wp\/v2\/types\/page"}],"author":[{"embeddable":true,"href":"https:\/\/aquilon.com\/fr\/wp-json\/wp\/v2\/users\/5"}],"replies":[{"embeddable":true,"href":"https:\/\/aquilon.com\/fr\/wp-json\/wp\/v2\/comments?post=3040"}],"version-history":[{"count":0,"href":"https:\/\/aquilon.com\/fr\/wp-json\/wp\/v2\/pages\/3040\/revisions"}],"wp:attachment":[{"href":"https:\/\/aquilon.com\/fr\/wp-json\/wp\/v2\/media?parent=3040"}],"curies":[{"name":"wp","href":"https:\/\/api.w.org\/{rel}","templated":true}]}}