{"id":3030,"date":"2024-07-12T20:01:40","date_gmt":"2024-07-12T20:01:40","guid":{"rendered":"https:\/\/aquilon.com\/?page_id=3030"},"modified":"2024-07-12T20:01:40","modified_gmt":"2024-07-12T20:01:40","slug":"devenez-un-partenaire","status":"publish","type":"page","link":"https:\/\/aquilon.com\/fr\/devenez-un-partenaire\/","title":{"rendered":"Devenez un partenaire"},"content":{"rendered":"\n \n    <div class=\"tri-banner-image tri-contacts partnerblock\" id=\"tri-banner-image-block_d7e6ead81447beb5f789c413c1577d8f\">\n                    <img decoding=\"async\" class=\"tri-banner-image__image-desktop\" src=\"https:\/\/aquilon.com\/wp-content\/uploads\/2024\/02\/SEAHER_-MAGIC-CARPET-e1626658744756-1.jpg\" alt=\"\">\n            <img decoding=\"async\" class=\"tri-banner-image__image-mobile\" src=\"https:\/\/aquilon.com\/wp-content\/uploads\/2021\/06\/21CN901457-2-Gottex-Spring-2021.jpg\" alt=\"\">\n        \n            <\/div>\n\n    <div class=\"tri-partner\">\n        <div class=\"container\">\n            <div class=\"tri-partner__wrap\">\n                <div class=\"row px-md-40 px-15 mx-0\">\n                    <div class=\"col-lg-5 pr-lg-0 pr-15 pl-lg-40\">\n                        <div class=\"tri-partner__content\">\n                                                            <h1 class=\"tri-partner__content-title\">Devenir un partenaire pour les maillots de bain<\/h1>\n                            \n                            <p>Aquilon n&rsquo;est pas seulement une entreprise de maillots de bain ; c&rsquo;est un mouvement, une culture et une c\u00e9l\u00e9bration de la beaut\u00e9 de l&rsquo;eau et du soleil. Nous vous invitons \u00e0 nous rejoindre dans cet incroyable voyage, o\u00f9 l&rsquo;innovation, le style et la passion s&rsquo;unissent pour cr\u00e9er un monde de maillots de bain qui transcende l&rsquo;ordinaire. Que vos besoins portent sur la conception, l&rsquo;approvisionnement, la fabrication, le merchandising, les licences, les marques priv\u00e9es, la vente au d\u00e9tail, le marketing, l&rsquo;image de marque, la distribution ou toute autre combinaison, nous sommes une ressource pr\u00e9cieuse.<\/p>\n<p>Prenez contact avec nous pour savoir comment Aquilon peut faire passer vos besoins en maillots de bain au niveau sup\u00e9rieur. Les demandes de renseignements re\u00e7oivent g\u00e9n\u00e9ralement une r\u00e9ponse dans les 48 heures.<\/p>\n                        <\/div>\n                    <\/div>\n                    <div class=\"col-lg-7 pr-lg-40 pl-lg-80 pr-15 pl-15\">\n                        <div id=\"quform-0f1b01\" class=\"quform quform-2 quform-support-page-caching\"><form id=\"quform-form-0f1b01\" class=\"quform-form quform-form-2\" action=\"\/fr\/wp-json\/wp\/v2\/pages\/3030#quform-0f1b01\" method=\"post\" enctype=\"multipart\/form-data\" novalidate=\"novalidate\" data-options=\"{&quot;id&quot;:2,&quot;uniqueId&quot;:&quot;0f1b01&quot;,&quot;theme&quot;:&quot;&quot;,&quot;ajax&quot;:true,&quot;logic&quot;:{&quot;logic&quot;:[],&quot;dependents&quot;:[],&quot;elementIds&quot;:[],&quot;dependentElementIds&quot;:[],&quot;animate&quot;:true},&quot;currentPageId&quot;:1,&quot;errorsIcon&quot;:&quot;&quot;,&quot;updateFancybox&quot;:true,&quot;hasPages&quot;:false,&quot;pages&quot;:[1],&quot;pageProgressType&quot;:&quot;numbers&quot;,&quot;tooltipsEnabled&quot;:true,&quot;tooltipClasses&quot;:&quot;qtip-quform-dark qtip-shadow&quot;,&quot;tooltipMy&quot;:&quot;left center&quot;,&quot;tooltipAt&quot;:&quot;right center&quot;,&quot;isRtl&quot;:false,&quot;scrollOffset&quot;:-50,&quot;scrollSpeed&quot;:800}\"><button class=\"quform-default-submit\" name=\"quform_submit\" type=\"submit\" value=\"submit\" aria-hidden=\"true\" tabindex=\"-1\"><\/button><div class=\"quform-form-inner quform-form-inner-2\"><input type=\"hidden\" name=\"quform_form_id\" value=\"2\" \/><input type=\"hidden\" name=\"quform_form_uid\" value=\"0f1b01\" \/><input type=\"hidden\" name=\"quform_count\" value=\"1\" \/><input type=\"hidden\" name=\"form_url\" value=\"https:\/\/aquilon.com\/fr\/wp-json\/wp\/v2\/pages\/3030\" \/><input type=\"hidden\" name=\"referring_url\" value=\"\" \/><input type=\"hidden\" name=\"post_id\" value=\"\" \/><input type=\"hidden\" name=\"post_title\" value=\"\" \/><input type=\"hidden\" name=\"quform_current_page_id\" value=\"1\" \/><input type=\"hidden\" name=\"quform_csrf_token\" value=\"KoznTaxYlGpcyYk7w7bdALfbF6EmhXRSSj34EIV1\" \/><div class=\"quform-elements quform-elements-2 quform-cf quform-responsive-elements-phone-landscape\"><div class=\"quform-element quform-element-page quform-page-1 quform-page-2_1 quform-cf quform-group-style-plain quform-first-page quform-last-page quform-current-page\"><div class=\"quform-child-elements\"><div class=\"quform-element quform-element-select quform-element-2_3 quform-cf quform-element-required mb-60\"><div class=\"quform-spacer\"><div class=\"quform-inner quform-inner-select quform-inner-2_3\"><div class=\"quform-input quform-input-select quform-input-2_3 quform-cf\"><select id=\"quform_2_3_0f1b01\" name=\"quform_2_3\" class=\"quform-field quform-field-select quform-field-2_3\"><option value=\"\" selected=\"selected\">Je suis int\u00e9ress\u00e9 par<\/option><option value=\"Devenir un franchis\u00e9\">Devenir un franchis\u00e9<\/option><option value=\"Devenir un partenaire\">Devenir un partenaire<\/option><option value=\"Autre\">Autre<\/option><\/select><\/div><\/div><\/div><\/div><div class=\"quform-element quform-element-text quform-element-2_4 quform-cf quform-element-optional\"><div class=\"quform-spacer\"><div class=\"quform-inner quform-inner-text quform-inner-2_4\"><div class=\"quform-input quform-input-text quform-input-2_4 quform-cf\"><input type=\"text\" id=\"quform_2_4_0f1b01\" name=\"quform_2_4\" class=\"quform-field quform-field-text quform-field-2_4\" placeholder=\"Nom\" \/><\/div><\/div><\/div><\/div><div class=\"quform-element quform-element-text quform-element-2_5 quform-cf quform-element-optional\"><div class=\"quform-spacer\"><div class=\"quform-inner quform-inner-text quform-inner-2_5\"><div class=\"quform-input quform-input-text quform-input-2_5 quform-cf\"><input type=\"text\" id=\"quform_2_5_0f1b01\" name=\"quform_2_5\" class=\"quform-field quform-field-text quform-field-2_5\" placeholder=\"Entreprise\" \/><\/div><\/div><\/div><\/div><div class=\"quform-element quform-element-email quform-element-2_6 quform-cf quform-element-required\"><div class=\"quform-spacer\"><div class=\"quform-inner quform-inner-email quform-inner-2_6\"><div class=\"quform-input quform-input-email quform-input-2_6 quform-cf\"><input type=\"email\" id=\"quform_2_6_0f1b01\" name=\"quform_2_6\" class=\"quform-field quform-field-email quform-field-2_6\" placeholder=\"Courriel\" \/><\/div><\/div><\/div><\/div><div class=\"quform-element quform-element-text quform-element-2_7 quform-cf quform-element-optional\"><div class=\"quform-spacer\"><div class=\"quform-inner quform-inner-text quform-inner-2_7\"><div class=\"quform-input quform-input-text quform-input-2_7 quform-cf\"><input type=\"text\" id=\"quform_2_7_0f1b01\" name=\"quform_2_7\" class=\"quform-field quform-field-text quform-field-2_7\" placeholder=\"Num\u00e9ro de t\u00e9l\u00e9phone\" \/><\/div><\/div><\/div><\/div><div class=\"quform-element quform-element-text quform-element-2_8 quform-cf quform-element-optional\"><div class=\"quform-spacer\"><div class=\"quform-inner quform-inner-text quform-inner-2_8\"><div class=\"quform-input quform-input-text quform-input-2_8 quform-cf\"><input type=\"text\" id=\"quform_2_8_0f1b01\" name=\"quform_2_8\" class=\"quform-field quform-field-text quform-field-2_8\" placeholder=\"Site internet\" \/><\/div><\/div><\/div><\/div><div class=\"quform-element quform-element-textarea quform-element-2_9 quform-cf quform-element-optional\"><div class=\"quform-spacer\"><div class=\"quform-inner quform-inner-textarea quform-inner-2_9\"><div class=\"quform-input quform-input-textarea quform-input-2_9 quform-cf\"><textarea id=\"quform_2_9_0f1b01\" name=\"quform_2_9\" class=\"quform-field quform-field-textarea quform-field-2_9\" placeholder=\"Donnez-nous plus d\u2019information sur votre entreprise et sur le projet pour lequel Captiva Brands peut vous aider. Nous avons h\u00e2te de r\u00e9fl\u00e9chir \u00e0 la fa\u00e7on dont nous pourrons vous aider \u00e0 atteindre vos objectifs.\"><\/textarea><\/div><\/div><\/div><\/div><div class=\"quform-element quform-element-submit quform-element-2_2 quform-cf quform-button-style-theme\"><div class=\"quform-button-submit quform-button-submit-default quform-button-submit-2_2\"><button name=\"quform_submit\" type=\"submit\" class=\"quform-submit\" value=\"submit\"><span class=\"quform-button-text quform-button-submit-text\">Envoyer<\/span><\/button><\/div><div class=\"quform-loading quform-loading-position-left quform-loading-type-spinner-1\"><div class=\"quform-loading-inner\"><div class=\"quform-loading-spinner\"><div class=\"quform-loading-spinner-inner\"><\/div><\/div><\/div><\/div><\/div><div class=\"quform-element-tree\"><label for=\"quform_2_0_0f1b01\">This field should be left blank<\/label><input type=\"text\" id=\"quform_2_0_0f1b01\" name=\"quform_2_0\" class=\"quform-field quform-field-tree quform-field-2_0\" tabindex=\"-1\" autocomplete=\"off\" \/><\/div><\/div><\/div><\/div><\/div><\/form><\/div>                    <\/div>\n                <\/div>\n            <\/div>\n        <\/div>\n    <\/div>\n","protected":false},"excerpt":{"rendered":"","protected":false},"author":5,"featured_media":0,"parent":0,"menu_order":0,"comment_status":"closed","ping_status":"closed","template":"","meta":{"_acf_changed":true,"inline_featured_image":false,"footnotes":""},"class_list":["post-3030","page","type-page","status-publish","hentry"],"acf":[],"_links":{"self":[{"href":"https:\/\/aquilon.com\/fr\/wp-json\/wp\/v2\/pages\/3030","targetHints":{"allow":["GET"]}}],"collection":[{"href":"https:\/\/aquilon.com\/fr\/wp-json\/wp\/v2\/pages"}],"about":[{"href":"https:\/\/aquilon.com\/fr\/wp-json\/wp\/v2\/types\/page"}],"author":[{"embeddable":true,"href":"https:\/\/aquilon.com\/fr\/wp-json\/wp\/v2\/users\/5"}],"replies":[{"embeddable":true,"href":"https:\/\/aquilon.com\/fr\/wp-json\/wp\/v2\/comments?post=3030"}],"version-history":[{"count":0,"href":"https:\/\/aquilon.com\/fr\/wp-json\/wp\/v2\/pages\/3030\/revisions"}],"wp:attachment":[{"href":"https:\/\/aquilon.com\/fr\/wp-json\/wp\/v2\/media?parent=3030"}],"curies":[{"name":"wp","href":"https:\/\/api.w.org\/{rel}","templated":true}]}}