{"id":3027,"date":"2024-07-12T19:58:58","date_gmt":"2024-07-12T19:58:58","guid":{"rendered":"https:\/\/aquilon.com\/?page_id=3027"},"modified":"2024-07-15T19:55:32","modified_gmt":"2024-07-15T19:55:32","slug":"accueil","status":"publish","type":"page","link":"https:\/\/aquilon.com\/fr\/","title":{"rendered":"Accueil"},"content":{"rendered":"\n<div id=\"tri-big-banner-block_c142f224e838ba034dd376716496322c\" class=\"tri-big-banner mb-60\">\n \n        \n    <div class=\"tri-big-banner__image\">\n                \n                    <video width=\"320\" preload=\"metadata\" height=\"240\" src=\"https:\/\/aquilon.com\/wp-content\/uploads\/2021\/10\/spring-coutour-for-upload.mp4\" poster=\"https:\/\/aquilon.com\/wp-content\/uploads\/2021\/10\/Screen-Shot-2021-07-18-at-9.31.45-PM-1.jpg\" defaultMuted autoplay loop muted playsinline><\/video>\n            <\/div>\n\n    <div class=\"tri-big-banner__contact\">\n        <div class=\"container\">\n            <div class=\"row align-items-center justify-content-between flex-md-row flex-column\">\n                                    <div class=\"col-xl-7 col-lg-8 col-md-9 col-12\">\n                                                    <h1 class=\"tri-big-banner__contact-title\">Nous sommes un leader mondial par excellence en mati\u00e8re de maillots de bain, du concept jusqu&#039;au consommateur.<\/h1>\n                                            <\/div>\n\n                    <div class=\"col-md-3 col-12 text-right\">\n                            \t<a href=\"https:\/\/aquilon.com\/fr\/ce-que-nous-faisons-maillots-de-bain\/\" class=\"tri-big-banner__contact-link mr-md-0 mr-auto\" target=\"_self\">Pour en savoir plus<\/a>\n    \t                    <\/div>\n                            <\/div>\n        <\/div>\n    <\/div>\n<\/div>\n\n\n\n<div class=\"wp-block-columns are-vertically-aligned-bottom container no-margin is-layout-flex wp-container-core-columns-is-layout-9d6595d7 wp-block-columns-is-layout-flex\">\n<div class=\"wp-block-column is-vertically-aligned-bottom is-layout-flow wp-block-column-is-layout-flow\" style=\"flex-basis:100%\">\n<h2 class=\"wp-block-heading has-text-align-left\">Nos marques<\/h2>\n<\/div>\n<\/div>\n\n\n<div id=\"tri-brands-block_622d1c3837c7ef7ff67d69d14bb074f1\" class=\"tri-brands mb-40\">\n    <div class=\"container\">\n        <div class=\"d-flex tri-brands__wrap tri-bg-peach\">\n            <div class=\"tri-brands__image\">\n                                    <img decoding=\"async\" src=\"https:\/\/aquilon.com\/wp-content\/uploads\/2024\/02\/AN1LUNA-001_F3_small.jpg\" alt=\"\">\n                \n                            <\/div>\n\n            <div class=\"tri-brands__content\">\n                \n                <div class=\"d-flex flex-wrap tri-brands__list\">\n                                                                        <div class=\"tri-brands__item\">\n                                <a href=\"\/fr\/marques-de-maillots-de-bain\/#gottex\">\n                                    <img decoding=\"async\" src=\"https:\/\/aquilon.com\/wp-content\/uploads\/2021\/06\/GOTTEX-LOGO.png\" alt=\"Gottex\">\n                                <\/a>\n                            <\/div>\n                                                    <div class=\"tri-brands__item\">\n                                <a href=\"\/fr\/marques-de-maillots-de-bain\/#profile-by-gottex\">\n                                    <img decoding=\"async\" src=\"https:\/\/aquilon.com\/wp-content\/uploads\/2021\/06\/profile-by-gottex-logo.png\" alt=\"Profile par Gottex\">\n                                <\/a>\n                            <\/div>\n                                                    <div class=\"tri-brands__item\">\n                                <a href=\"\/fr\/marques-de-maillots-de-bain\/#krista\">\n                                    <img decoding=\"async\" src=\"https:\/\/aquilon.com\/wp-content\/uploads\/2021\/07\/KRISTA-SWIMWEAR-Logo.png\" alt=\"KRISTA\u00ae\">\n                                <\/a>\n                            <\/div>\n                                                    <div class=\"tri-brands__item\">\n                                <a href=\"\/fr\/marques-de-maillots-de-bain\/#aqua-couture\">\n                                    <img decoding=\"async\" src=\"https:\/\/aquilon.com\/wp-content\/uploads\/2024\/01\/Aqua-Couture-SVG.png\" alt=\"Aqua Couture\">\n                                <\/a>\n                            <\/div>\n                                                    <div class=\"tri-brands__item\">\n                                <a href=\"\/fr\/marques-de-maillots-de-bain\/#tidal-bay-contemporary\">\n                                    <img decoding=\"async\" src=\"https:\/\/aquilon.com\/wp-content\/uploads\/2024\/01\/Tidal_Bay_clear.png\" alt=\"Tidal Bay Contemporary\">\n                                <\/a>\n                            <\/div>\n                                                    <div class=\"tri-brands__item\">\n                                <a href=\"\/fr\/marques-de-maillots-de-bain\/#turkiz\">\n                                    <img decoding=\"async\" src=\"https:\/\/aquilon.com\/wp-content\/uploads\/2021\/06\/TURKIZ-Logo.png\" alt=\"Turkiz\">\n                                <\/a>\n                            <\/div>\n                                                    <div class=\"tri-brands__item\">\n                                <a href=\"\/fr\/marques-de-maillots-de-bain\/#au-naturel\">\n                                    <img decoding=\"async\" src=\"https:\/\/aquilon.com\/wp-content\/uploads\/2024\/01\/au-naturel-by-gottex-logo.png\" alt=\"Au Naturel\">\n                                <\/a>\n                            <\/div>\n                                                    <div class=\"tri-brands__item\">\n                                <a href=\"\/fr\/marques-de-maillots-de-bain\/#hot-water\">\n                                    <img decoding=\"async\" src=\"https:\/\/aquilon.com\/wp-content\/uploads\/2021\/06\/hot-water-logo.png\" alt=\"Hot Water\u00ae\">\n                                <\/a>\n                            <\/div>\n                                                    <div class=\"tri-brands__item\">\n                                <a href=\"\/fr\/marques-de-maillots-de-bain\/#summer-crush-juniors\">\n                                    <img decoding=\"async\" src=\"https:\/\/aquilon.com\/wp-content\/uploads\/2024\/01\/summer-crush.png\" alt=\"Summer Crush Juniors\">\n                                <\/a>\n                            <\/div>\n                                                    <div class=\"tri-brands__item\">\n                                <a href=\"\/fr\/marques-de-maillots-de-bain\/#christina-brand\">\n                                    <img decoding=\"async\" src=\"https:\/\/aquilon.com\/wp-content\/uploads\/2021\/06\/CHRISTINA-Logo.png\" alt=\"Christina Brand\">\n                                <\/a>\n                            <\/div>\n                                                    <div class=\"tri-brands__item\">\n                                <a href=\"\/fr\/marques-de-maillots-de-bain\/#ninety-nine-degrees\">\n                                    <img decoding=\"async\" src=\"https:\/\/aquilon.com\/wp-content\/uploads\/2021\/06\/ninety-ninelogo.png\" alt=\"Ninety-Nine Degrees\">\n                                <\/a>\n                            <\/div>\n                                                    <div class=\"tri-brands__item\">\n                                <a href=\"\/fr\/marques-de-maillots-de-bain\/#freshwater\">\n                                    <img decoding=\"async\" src=\"https:\/\/aquilon.com\/wp-content\/uploads\/2024\/01\/freshwater.png\" alt=\"Freshwater Swimwear\">\n                                <\/a>\n                            <\/div>\n                                                    <div class=\"tri-brands__item\">\n                                <a href=\"\/fr\/marques-de-maillots-de-bain\/#body-wrap-shapewear\">\n                                    <img decoding=\"async\" src=\"https:\/\/aquilon.com\/wp-content\/uploads\/2021\/08\/Body-Wrap-Logo.png\" alt=\"Body Wrap Shapewear\">\n                                <\/a>\n                            <\/div>\n                                                    <div class=\"tri-brands__item\">\n                                <a href=\"\/fr\/marques-de-maillots-de-bain\/#christina-blue\">\n                                    <img decoding=\"async\" src=\"https:\/\/aquilon.com\/wp-content\/uploads\/2021\/06\/christinablue.png\" alt=\"Christina Blue\">\n                                <\/a>\n                            <\/div>\n                                                    <div class=\"tri-brands__item\">\n                                <a href=\"\/fr\/marques-de-maillots-de-bain\/#free-sport\">\n                                    <img decoding=\"async\" src=\"https:\/\/aquilon.com\/wp-content\/uploads\/2021\/06\/FREE-SPORT-LOGO.png\" alt=\"Free Sport\">\n                                <\/a>\n                            <\/div>\n                                                    <div class=\"tri-brands__item\">\n                                <a href=\"\/fr\/marques-de-maillots-de-bain\/#pilpel\">\n                                    <img decoding=\"async\" src=\"https:\/\/aquilon.com\/wp-content\/uploads\/2021\/06\/PILPEL-LOGO.png\" alt=\"PILPEL\">\n                                <\/a>\n                            <\/div>\n                                                    <div class=\"tri-brands__item\">\n                                <a href=\"\/fr\/marques-de-maillots-de-bain\/#pilpel-kids\">\n                                    <img decoding=\"async\" src=\"https:\/\/aquilon.com\/wp-content\/uploads\/2021\/06\/PILPEL-KIDS-LOGO.png\" alt=\"Pilpel Kids\">\n                                <\/a>\n                            <\/div>\n                                                    <div class=\"tri-brands__item\">\n                                <a href=\"\/fr\/marques-de-maillots-de-bain\/#sea-her\">\n                                    <img decoding=\"async\" src=\"https:\/\/aquilon.com\/wp-content\/uploads\/2021\/06\/SeaHer-Logo.png\" alt=\"Sea &amp; Her\">\n                                <\/a>\n                            <\/div>\n                                                    <div class=\"tri-brands__item\">\n                                <a href=\"\/fr\/marques-de-maillots-de-bain\/#fkrtt\">\n                                    <img decoding=\"async\" src=\"https:\/\/aquilon.com\/wp-content\/uploads\/2024\/01\/fkrtt.png\" alt=\"Flirrt\">\n                                <\/a>\n                            <\/div>\n                                                    <div class=\"tri-brands__item\">\n                                <a href=\"\/fr\/marques-de-maillots-de-bain\/#luma\">\n                                    <img decoding=\"async\" src=\"https:\/\/aquilon.com\/wp-content\/uploads\/2024\/01\/luma-logo.png\" alt=\"Luma\">\n                                <\/a>\n                            <\/div>\n                                                    <div class=\"tri-brands__item\">\n                                <a href=\"\/fr\/marques-de-maillots-de-bain\/#hula-honey\">\n                                    <img decoding=\"async\" src=\"https:\/\/aquilon.com\/wp-content\/uploads\/2024\/01\/Hula-Honey-Logo.png\" alt=\"Hula Honey\">\n                                <\/a>\n                            <\/div>\n                                                            <\/div>\n\n                    \t<a href=\"https:\/\/aquilon.com\/fr\/marques-de-maillots-de-bain\/\" class=\"tri-btn tri-btn-main\" target=\"_self\">D\u00e9couvrez les marques<\/a>\n    \t            <\/div>\n        <\/div>\n    <\/div>\n<\/div>\n\n    <div class=\"tri-banner-image tri-contacts\">\n                    <img decoding=\"async\" class=\"tri-banner-image__image-desktop\" src=\"https:\/\/aquilon.com\/wp-content\/uploads\/2021\/11\/Kisuii_Summer17_10-e1635739302596.jpg\" alt=\"\">\n            <img decoding=\"async\" class=\"tri-banner-image__image-mobile\" src=\"https:\/\/aquilon.com\/wp-content\/uploads\/2021\/11\/Kisuii_Summer17_10-e1635739302596.jpg\" alt=\"\">\n                    <\/div>\n\n<div class=\"tri-block-top\">\n    <div class=\"container\">\n        <div class=\"text-center tri-block-top__wrap tri-bg-peach\">\n            <div class=\"row justify-content-center\">\n                <div class=\"col-xl-6 col-lg-7 col-md-8 col-sm-10\">\n                    \n                    \n                    \n                <\/div>\n            <\/div>\n        <\/div>\n    <\/div>\n<\/div>\n\n\n<div style=\"height:100px\" aria-hidden=\"true\" class=\"wp-block-spacer\"><\/div>\n\n\n<div class=\"tri-cbd container\" id=\"tri-cbd-block_928ca011c64adff2e5c48356fca9621e\">\n    \n    <\/div>\n\n\n<div class=\"tri-cbd container\" id=\"tri-cbd-block_ee75fb36fa0661cc9b51b97507d3fd2f\">\n    \n            <div class=\"tri-bg-peach tri-description mb-40\">\n                                                <div class=\"row align-items-center justify-content-between tri-description__row\">\n                        <div class=\"col-lg-6\">\n                            <div class=\"tri-description__content\">\n                                                                    <div class=\"tri-description__content-title\">\n                                        <h2>Notre histoire<\/h2>\n                                    <\/div>\n                                                                <div class=\"tri-description__content-text\">\n                                    <p>Dans le monde dynamique des maillots de bain, o\u00f9 le soleil rencontre la mer et la mode la fonction, Aquilon est le leader mondial de l&rsquo;industrie, de la conception jusqu&rsquo;au client. D\u00e9riv\u00e9 du mot latin \u00ab\u00a0Aquilo\u00a0\u00bb, qui signifie \u00ab\u00a0vent du nord\u00a0\u00bb, et \u00ab\u00a0aqua\u00a0\u00bb, qui d\u00e9signe l&rsquo;eau, Aquilon incarne l&rsquo;attrait irr\u00e9sistible des \u00e9l\u00e9ments qui nous entourent.<\/p>\n<p>Aquilon a son si\u00e8ge \u00e0 Montr\u00e9al, New York, Los Angeles et Tel Aviv, et dispose d&rsquo;une \u00e9quipe dot\u00e9e d&rsquo;une grande exp\u00e9rience et d&rsquo;un riche bagage dans le domaine des maillots de bain, de la vente au d\u00e9tail et de la mode.<\/p>\n<p>Fond\u00e9e en 1956, Gottex, notre marque phare, est devenue l&rsquo;une des marques de maillots de bain les plus embl\u00e9matiques au monde. Au cours des deux derni\u00e8res d\u00e9cennies, Aquilon s&rsquo;est forg\u00e9 un chemin vers le succ\u00e8s en acqu\u00e9rant et en cr\u00e9ant des marques de maillots de bain exceptionnelles. Cette expansion nous a permis de devenir un leader mondial dans le domaine des maillots de bain pour femmes et pour enfants.<\/p>\n\n                                        \t<a href=\"https:\/\/aquilon.com\/fr\/a-propos\/\" class=\"tri-btn tri-btn-main mt-30\" target=\"_self\">\u00c0 propos<\/a>\n    \t                                <\/div>\n                            <\/div>\n                        <\/div>\n                        <div class=\"col-lg-6\">\n                            <div class=\"tri-description__image\">\n                                                                    <img decoding=\"async\" src=\"https:\/\/aquilon.com\/wp-content\/uploads\/2021\/07\/21EXB43001_F_21EXP01001_F-Gottex-Couture-Dark-Romance.jpg\" alt=\"\">\n                                \n                                                            <\/div>\n                        <\/div>\n                    <\/div>\n                                    <\/div>\n    <\/div>\n\n\n<div class=\"tri-cbd container\" id=\"tri-cbd-block_6a95264e04305e4b84ce3d4eb22020de\">\n    \n            <div class=\"tri-bg-green tri-description mb-40\">\n                                                <div class=\"row align-items-center justify-content-between tri-description__row tri-image-left\">\n                        <div class=\"col-lg-6\">\n                            <div class=\"tri-description__content\">\n                                                                <div class=\"tri-description__content-text\">\n                                    <p>Nous aimons \u00e9tablir des liens avec les d\u00e9taillants, les conc\u00e9dants de licence et les partenaires de fabrication. Prenez contact avec nous pour en savoir plus sur Aquilon Brands.<\/p>\n\n                                        \t<a href=\"https:\/\/aquilon.com\/fr\/contactez-nous\/\" class=\"tri-btn tri-btn-main mt-30\" target=\"_self\">Contactez-nous<\/a>\n    \t                                <\/div>\n                            <\/div>\n                        <\/div>\n                        <div class=\"col-lg-6\">\n                            <div class=\"tri-description__image\">\n                                                                    <img decoding=\"async\" src=\"https:\/\/aquilon.com\/wp-content\/uploads\/2021\/07\/ARIA-BANDEAU-SIDE-TIE-BOTTOM-WHITE-EYELET_KISUII_SPRING19-e1709303165728.jpg\" alt=\"\">\n                                \n                                                            <\/div>\n                        <\/div>\n                    <\/div>\n                                    <\/div>\n    <\/div>\n","protected":false},"excerpt":{"rendered":"<p>Nos marques<\/p>\n","protected":false},"author":5,"featured_media":0,"parent":0,"menu_order":0,"comment_status":"closed","ping_status":"closed","template":"","meta":{"_acf_changed":true,"inline_featured_image":false,"footnotes":""},"class_list":["post-3027","page","type-page","status-publish","hentry"],"acf":[],"_links":{"self":[{"href":"https:\/\/aquilon.com\/fr\/wp-json\/wp\/v2\/pages\/3027","targetHints":{"allow":["GET"]}}],"collection":[{"href":"https:\/\/aquilon.com\/fr\/wp-json\/wp\/v2\/pages"}],"about":[{"href":"https:\/\/aquilon.com\/fr\/wp-json\/wp\/v2\/types\/page"}],"author":[{"embeddable":true,"href":"https:\/\/aquilon.com\/fr\/wp-json\/wp\/v2\/users\/5"}],"replies":[{"embeddable":true,"href":"https:\/\/aquilon.com\/fr\/wp-json\/wp\/v2\/comments?post=3027"}],"version-history":[{"count":0,"href":"https:\/\/aquilon.com\/fr\/wp-json\/wp\/v2\/pages\/3027\/revisions"}],"wp:attachment":[{"href":"https:\/\/aquilon.com\/fr\/wp-json\/wp\/v2\/media?parent=3027"}],"curies":[{"name":"wp","href":"https:\/\/api.w.org\/{rel}","templated":true}]}}