{"id":3025,"date":"2024-07-12T19:59:14","date_gmt":"2024-07-12T19:59:14","guid":{"rendered":"https:\/\/aquilon.com\/?page_id=3025"},"modified":"2024-11-20T20:39:25","modified_gmt":"2024-11-20T20:39:25","slug":"carrieres","status":"publish","type":"page","link":"https:\/\/aquilon.com\/fr\/carrieres\/","title":{"rendered":"Carri\u00e8res"},"content":{"rendered":"\n<div id=\"tri-big-banner-block_fa5a1f1ae0e14fc736b28536c23ee382\" class=\"tri-big-banner mb-60\">\n \n        \n    <div class=\"tri-big-banner__image\">\n                    <img decoding=\"async\" src=\"https:\/\/aquilon.com\/wp-content\/uploads\/2024\/03\/DSC05128-Edit.jpg\" alt=\"\">\n                \n            <\/div>\n\n    <div class=\"tri-big-banner__contact\">\n        <div class=\"container\">\n            <div class=\"row align-items-center justify-content-between flex-md-row flex-column\">\n                                    <div class=\"col-xl-7 col-lg-8 col-md-9 col-12\">\n                                                    <h1 class=\"tri-big-banner__contact-title\">Carri\u00e8res<\/h1>\n                                            <\/div>\n\n                    <div class=\"col-md-3 col-12 text-right\">\n                                            <\/div>\n                            <\/div>\n        <\/div>\n    <\/div>\n<\/div>\n\n<div class=\"wp-block-group no-margin-bottom mobile-only\"><div class=\"wp-block-group__inner-container is-layout-constrained wp-block-group-is-layout-constrained\">\n<div class=\"wp-block-columns container flex-center no-margin is-layout-flex wp-container-core-columns-is-layout-9d6595d7 wp-block-columns-is-layout-flex\">\n<div class=\"wp-block-column is-layout-flow wp-block-column-is-layout-flow\">\n<div class=\"wp-block-buttons is-layout-flex wp-block-buttons-is-layout-flex\">\n<div class=\"wp-block-button\"><a class=\"wp-block-button__link wp-element-button grnbutton\" href=\"#jobs\">Consulter les offres d&#8217;emploi<\/a><\/div>\n<\/div>\n<\/div>\n<\/div>\n<\/div><\/div>\n\n<div class=\"wp-block-group\"><div class=\"wp-block-group__inner-container is-layout-constrained wp-block-group-is-layout-constrained\">\n<div class=\"wp-block-columns container flex-center margin-top-100 margin-50 is-layout-flex wp-container-core-columns-is-layout-9d6595d7 wp-block-columns-is-layout-flex\">\n<div class=\"wp-block-column is-layout-flow wp-block-column-is-layout-flow\">\n<h2 class=\"wp-block-heading\">Rejoignez notre \u00e9quipe<\/h2>\n\n\n\n<p>Aquilon repr\u00e9sente le t\u00e9moignage d&rsquo;ann\u00e9es d&rsquo;expertise, d&rsquo;innovation et de polyvalence. Nous savons que la cl\u00e9 de la r\u00e9ussite d&rsquo;une entreprise r\u00e9side dans un personnel exceptionnel.<\/p>\n\n\n\n<p>Nos \u00e9quipes internes s&rsquo;occupent de tous les aspects de l&rsquo;entreprise, de la conception \u00e0 la r\u00e9alisation. Qu&rsquo;il s&rsquo;agisse de design ou de conception, d&rsquo;approvisionnement, de marketing, de finance, de droit, d&rsquo;informatique, de logistique de service \u00e0 la client\u00e8le, nous sommes toujours \u00e0 la recherche des professionnels les plus exp\u00e9riment\u00e9s dans le domaine des maillots de bain pour rejoindre notre organisation collaborative et mondiale. <\/p>\n\n\n\n<p>Si vous souhaitez rejoindre nos \u00e9quipes \u00e0 Montr\u00e9al, New York, Los Angeles ou Tel Aviv, veuillez contacter <a href=\"mailto:careers@aquilon.com\" target=\"_blank\" rel=\"noreferrer noopener\">careers@aquilon.com<\/a>.<\/p>\n<\/div>\n\n\n\n<div class=\"wp-block-column is-layout-flow wp-block-column-is-layout-flow\">\n<figure class=\"wp-block-image size-large\"><img loading=\"lazy\" decoding=\"async\" width=\"1024\" height=\"1024\" src=\"https:\/\/aquilon.com\/wp-content\/uploads\/2024\/03\/PRPOFILE_Colette-Tutti-Frutti-1024x1024.jpg\" alt=\"\" class=\"wp-image-2906\" srcset=\"https:\/\/aquilon.com\/wp-content\/uploads\/2024\/03\/PRPOFILE_Colette-Tutti-Frutti-1024x1024.jpg 1024w, https:\/\/aquilon.com\/wp-content\/uploads\/2024\/03\/PRPOFILE_Colette-Tutti-Frutti-300x300.jpg 300w, https:\/\/aquilon.com\/wp-content\/uploads\/2024\/03\/PRPOFILE_Colette-Tutti-Frutti-150x150.jpg 150w, https:\/\/aquilon.com\/wp-content\/uploads\/2024\/03\/PRPOFILE_Colette-Tutti-Frutti-768x768.jpg 768w, https:\/\/aquilon.com\/wp-content\/uploads\/2024\/03\/PRPOFILE_Colette-Tutti-Frutti-1536x1536.jpg 1536w, https:\/\/aquilon.com\/wp-content\/uploads\/2024\/03\/PRPOFILE_Colette-Tutti-Frutti.jpg 1920w\" sizes=\"auto, (max-width: 1024px) 100vw, 1024px\" \/><\/figure>\n<\/div>\n<\/div>\n<\/div><\/div>\n\n<div class=\"wp-block-group no-margin-bottom\"><div class=\"wp-block-group__inner-container is-layout-constrained wp-block-group-is-layout-constrained\">\n<div class=\"wp-block-columns container flex-center grey-bg is-layout-flex wp-container-core-columns-is-layout-9d6595d7 wp-block-columns-is-layout-flex\">\n<div class=\"wp-block-column is-layout-flow wp-block-column-is-layout-flow\">\n<h2 class=\"wp-block-heading has-text-align-center\">Pourquoi travailler avec Aquilon<\/h2>\n\n\n\n<p class=\"has-text-align-center\">Aquilon est votre destination privil\u00e9gi\u00e9e pour les maillots de bain dans toutes les cat\u00e9gories et pour tous les principaux canaux. Notre succ\u00e8s \u00e0 long terme a \u00e9t\u00e9 fond\u00e9 sur les principes d&rsquo;une approche ax\u00e9e sur la conception, de capacit\u00e9s de production de classe mondiale et d&rsquo;un engagement en faveur du d\u00e9veloppement durable. <\/p>\n\n\n\n<h5 class=\"wp-block-heading has-text-align-center\"><a href=\"https:\/\/www.linkedin.com\/company\/trimerabrands\/\">Se connecter avec nous sur LinkedIn<\/a><\/h5>\n\n\n\n<ul class=\"wp-block-social-links is-content-justification-center is-layout-flex wp-container-core-social-links-is-layout-16018d1d wp-block-social-links-is-layout-flex\"><li class=\"wp-social-link wp-social-link-linkedin  wp-block-social-link\"><a href=\"https:\/\/www.linkedin.com\/company\/trimerabrands\/mycompany\/?viewAsMember=true\" class=\"wp-block-social-link-anchor\"><svg width=\"24\" height=\"24\" viewBox=\"0 0 24 24\" version=\"1.1\" xmlns=\"http:\/\/www.w3.org\/2000\/svg\" aria-hidden=\"true\" focusable=\"false\"><path d=\"M19.7,3H4.3C3.582,3,3,3.582,3,4.3v15.4C3,20.418,3.582,21,4.3,21h15.4c0.718,0,1.3-0.582,1.3-1.3V4.3 C21,3.582,20.418,3,19.7,3z M8.339,18.338H5.667v-8.59h2.672V18.338z M7.004,8.574c-0.857,0-1.549-0.694-1.549-1.548 c0-0.855,0.691-1.548,1.549-1.548c0.854,0,1.547,0.694,1.547,1.548C8.551,7.881,7.858,8.574,7.004,8.574z M18.339,18.338h-2.669 v-4.177c0-0.996-0.017-2.278-1.387-2.278c-1.389,0-1.601,1.086-1.601,2.206v4.249h-2.667v-8.59h2.559v1.174h0.037 c0.356-0.675,1.227-1.387,2.526-1.387c2.703,0,3.203,1.779,3.203,4.092V18.338z\"><\/path><\/svg><span class=\"wp-block-social-link-label screen-reader-text\">Aquilon LinkedIn<\/span><\/a><\/li><\/ul>\n<\/div>\n<\/div>\n<\/div><\/div>\n\n<div id=\"jobs\" class=\"wp-block-group no-margin-bottom\"><div class=\"wp-block-group__inner-container is-layout-constrained wp-block-group-is-layout-constrained\">\n<div class=\"wp-block-columns container flex-center no-margin is-layout-flex wp-container-core-columns-is-layout-9d6595d7 wp-block-columns-is-layout-flex\">\n<div class=\"wp-block-column is-layout-flow wp-block-column-is-layout-flow\">\n<h2 class=\"wp-block-heading has-text-align-left\">Rechercher des offres d&#8217;emploi disponibles<\/h2>\n<\/div>\n<\/div>\n<\/div><\/div>\n\n<div class=\"wp-block-query is-layout-flow wp-block-query-is-layout-flow\">\n<div class=\"wp-block-columns container margin-50 is-layout-flex wp-container-core-columns-is-layout-9d6595d7 wp-block-columns-is-layout-flex\">\n<div class=\"wp-block-column is-layout-flow wp-block-column-is-layout-flow\">\n<div class=\"wp-block-query is-layout-flow wp-block-query-is-layout-flow\"><\/div>\n<\/div>\n<\/div>\n<\/div>\n","protected":false},"excerpt":{"rendered":"<p>Rejoignez notre \u00e9quipe Aquilon repr\u00e9sente le t\u00e9moignage d&rsquo;ann\u00e9es d&rsquo;expertise, d&rsquo;innovation et de polyvalence. Nous savons que la cl\u00e9 de la r\u00e9ussite d&rsquo;une entreprise r\u00e9side dans un personnel exceptionnel. Nos \u00e9quipes internes s&rsquo;occupent de tous les aspects de l&rsquo;entreprise, de la conception \u00e0 la r\u00e9alisation. Qu&rsquo;il s&rsquo;agisse de design ou de conception, d&rsquo;approvisionnement, de marketing, de [&hellip;]<\/p>\n","protected":false},"author":17,"featured_media":0,"parent":0,"menu_order":0,"comment_status":"closed","ping_status":"closed","template":"","meta":{"_acf_changed":false,"inline_featured_image":false,"footnotes":""},"class_list":["post-3025","page","type-page","status-publish","hentry"],"acf":[],"_links":{"self":[{"href":"https:\/\/aquilon.com\/fr\/wp-json\/wp\/v2\/pages\/3025","targetHints":{"allow":["GET"]}}],"collection":[{"href":"https:\/\/aquilon.com\/fr\/wp-json\/wp\/v2\/pages"}],"about":[{"href":"https:\/\/aquilon.com\/fr\/wp-json\/wp\/v2\/types\/page"}],"author":[{"embeddable":true,"href":"https:\/\/aquilon.com\/fr\/wp-json\/wp\/v2\/users\/17"}],"replies":[{"embeddable":true,"href":"https:\/\/aquilon.com\/fr\/wp-json\/wp\/v2\/comments?post=3025"}],"version-history":[{"count":0,"href":"https:\/\/aquilon.com\/fr\/wp-json\/wp\/v2\/pages\/3025\/revisions"}],"wp:attachment":[{"href":"https:\/\/aquilon.com\/fr\/wp-json\/wp\/v2\/media?parent=3025"}],"curies":[{"name":"wp","href":"https:\/\/api.w.org\/{rel}","templated":true}]}}