{"id":3024,"date":"2024-07-12T19:58:44","date_gmt":"2024-07-12T19:58:44","guid":{"rendered":"https:\/\/aquilon.com\/?page_id=3024"},"modified":"2024-07-15T20:04:44","modified_gmt":"2024-07-15T20:04:44","slug":"a-propos","status":"publish","type":"page","link":"https:\/\/aquilon.com\/fr\/a-propos\/","title":{"rendered":"\u00c0 propos"},"content":{"rendered":"\n<div id=\"tri-big-banner-block_34d22f000514b7ceed8836031b709d08\" class=\"tri-big-banner mb-60\">\n \n        \n    <div class=\"tri-big-banner__image\">\n                    <img decoding=\"async\" src=\"https:\/\/aquilon.com\/wp-content\/uploads\/2024\/02\/24DD148_080_S2.jpg\" alt=\"\">\n                \n            <\/div>\n\n    <div class=\"tri-big-banner__contact\">\n        <div class=\"container\">\n            <div class=\"row align-items-center justify-content-between flex-md-row flex-column\">\n                                    <div class=\"col-xl-7 col-lg-8 col-md-9 col-12\">\n                                                    <h1 class=\"tri-big-banner__contact-title\">\u00c0 propos<\/h1>\n                                            <\/div>\n\n                    <div class=\"col-md-3 col-12 text-right\">\n                                            <\/div>\n                            <\/div>\n        <\/div>\n    <\/div>\n<\/div>\n\n\n<div class=\"tri-cbd container\" id=\"tri-cbd-block_e90d7428b48e181c6ffc0e84747a2271\">\n            <div class=\"tri-title mb-40\">\n            <div class=\"container\">\n                <div class=\"row justify-content-center\">\n                    <div class=\"col-lg-6\">\n                        <div class=\"text-center tri-title__content\">\n                            <h2>Qui nous sommes<\/h2>\n                        <\/div>\n                    <\/div>\n                <\/div>\n            <\/div>\n        <\/div>\n    \n            <div class=\"tri-bg-peach tri-description mb-40\">\n                                                <div class=\"row align-items-center justify-content-between tri-description__row\">\n                        <div class=\"col-lg-6\">\n                            <div class=\"tri-description__content\">\n                                                                <div class=\"tri-description__content-text\">\n                                    <p><span style=\"font-weight: 400;\">Aquilon fait preuve d&rsquo;ann\u00e9es d&rsquo;expertise, d&rsquo;innovation et de polyvalence. <\/span><span style=\"font-weight: 400;\">Gr\u00e2ce \u00e0 une approche ax\u00e9e sur la conception, \u00e0 des capacit\u00e9s de production de classe mondiale et \u00e0 un engagement in\u00e9branlable en faveur du d\u00e9veloppement durable, nous nous sommes impos\u00e9s comme le fournisseur et le fabricant pr\u00e9f\u00e9r\u00e9s des principaux d\u00e9taillants. <\/span><\/p>\n\n                                                                    <\/div>\n                            <\/div>\n                        <\/div>\n                        <div class=\"col-lg-6\">\n                            <div class=\"tri-description__image\">\n                                                                    <img decoding=\"async\" src=\"https:\/\/aquilon.com\/wp-content\/uploads\/2024\/02\/AN3KAIA_422_S_AN3LILYT_422_S.jpg\" alt=\"\">\n                                \n                                                            <\/div>\n                        <\/div>\n                    <\/div>\n                                                                <div class=\"row align-items-center justify-content-between tri-description__row tri-image-left\">\n                        <div class=\"col-lg-6\">\n                            <div class=\"tri-description__content\">\n                                                                <div class=\"tri-description__content-text\">\n                                    <p>Nos marques, d\u00e9tenues par la soci\u00e9t\u00e9, notre port\u00e9e mondiale et notre \u00e9thique inclusive ont fait d&rsquo;Aquilon le summum de la sophistication en mati\u00e8re de maillots de bain.<\/p>\n\n                                        \t<a href=\"https:\/\/aquilon.com\/fr\/ce-que-nous-faisons-maillots-de-bain\/\" class=\"tri-btn tri-btn-main mt-30\" target=\"_self\">Apprenez-en plus sur ce que nous faisons<\/a>\n    \t                                <\/div>\n                            <\/div>\n                        <\/div>\n                        <div class=\"col-lg-6\">\n                            <div class=\"tri-description__image\">\n                                                                    <img decoding=\"async\" src=\"https:\/\/aquilon.com\/wp-content\/uploads\/2024\/02\/24SSB17_001_F_24SSPP3_001_F3.jpg\" alt=\"\">\n                                \n                                                            <\/div>\n                        <\/div>\n                    <\/div>\n                                    <\/div>\n    <\/div>\n\n\n\n<h2 class=\"wp-block-heading has-text-align-center container margin-50\">Ce qui nous caract\u00e9rise<\/h2>\n\n\n\n<div class=\"wp-block-columns container small-icons is-layout-flex wp-container-core-columns-is-layout-9d6595d7 wp-block-columns-is-layout-flex\">\n<div class=\"wp-block-column is-layout-flow wp-block-column-is-layout-flow\">\n<div class=\"wp-block-media-text is-stacked-on-mobile is-vertically-aligned-top\" style=\"grid-template-columns:19% auto\"><figure class=\"wp-block-media-text__media\"><img decoding=\"async\" src=\"https:\/\/aquilon.com\/wp-content\/uploads\/2024\/03\/DESIGN-MASTERY_WIDE.svg\" alt=\"\" class=\"wp-image-2822 size-full\"\/><\/figure><div class=\"wp-block-media-text__content\">\n<p class=\"has-medium-font-size\">MAITRISE DE LA CONCEPTION<\/p>\n\n\n\n<p>Aquilon est synonyme d&rsquo;excellence en mati\u00e8re de conception. Gr\u00e2ce \u00e0 notre r\u00e9seau mondial de cr\u00e9ateurs et \u00e0 nos \u00e9tudes de march\u00e9 constantes, nos maillots de bain ne se contentent pas de suivre les tendances, ils les cr\u00e9ent.<\/p>\n<\/div><\/div>\n<\/div>\n\n\n\n<div class=\"wp-block-column is-layout-flow wp-block-column-is-layout-flow\">\n<div class=\"wp-block-media-text is-stacked-on-mobile is-vertically-aligned-top\" style=\"grid-template-columns:15% auto\"><figure class=\"wp-block-media-text__media\"><img decoding=\"async\" src=\"https:\/\/aquilon.com\/wp-content\/uploads\/2024\/01\/GLOBAL-REACH.svg\" alt=\"\" class=\"wp-image-2389 size-full\"\/><\/figure><div class=\"wp-block-media-text__content\">\n<p class=\"has-medium-font-size\">PORT\u00c9E MONDIALE<\/p>\n\n\n\n<p>Notre r\u00e9seau de distribution couvre plus de soixante pays sur les cinq continents. Nous comprenons les nuances des diff\u00e9rents march\u00e9s et notre perspective globale garantit que nos produits transcendent les fronti\u00e8res.<\/p>\n<\/div><\/div>\n<\/div>\n\n\n\n<div class=\"wp-block-column is-layout-flow wp-block-column-is-layout-flow\">\n<div class=\"wp-block-media-text is-stacked-on-mobile is-vertically-aligned-top\" style=\"grid-template-columns:15% auto\"><figure class=\"wp-block-media-text__media\"><img decoding=\"async\" src=\"https:\/\/aquilon.com\/wp-content\/uploads\/2024\/01\/MANUFACTURING-PROWESS.svg\" alt=\"\" class=\"wp-image-2396 size-full\"\/><\/figure><div class=\"wp-block-media-text__content\">\n<p class=\"has-medium-font-size\">LES PROUESSES DE FABRICATION<\/p>\n\n\n\n<p>Nous sommes align\u00e9s verticalement pour couvrir tous les aspects du processus de fabrication afin d&rsquo;atteindre l&rsquo;excellence en mati\u00e8re de maillots de bain.<\/p>\n<\/div><\/div>\n<\/div>\n<\/div>\n\n\n\n<div class=\"wp-block-columns container small-icons is-layout-flex wp-container-core-columns-is-layout-9d6595d7 wp-block-columns-is-layout-flex\">\n<div class=\"wp-block-column is-layout-flow wp-block-column-is-layout-flow\">\n<div class=\"wp-block-media-text is-stacked-on-mobile is-vertically-aligned-top\" style=\"grid-template-columns:15% auto\"><figure class=\"wp-block-media-text__media\"><img decoding=\"async\" src=\"https:\/\/aquilon.com\/wp-content\/uploads\/2024\/01\/SUSTAINABILITY-COMMITMENT.svg\" alt=\"\" class=\"wp-image-2394 size-full\"\/><\/figure><div class=\"wp-block-media-text__content\">\n<p class=\"has-medium-font-size\">ENGAGEMENT EN FAVEUR DU D\u00c9VELOPPEMENT DURABLE<\/p>\n\n\n\n<p>Les maillots de bain Aquilon refl\u00e8tent notre volont\u00e9 de minimiser notre empreinte carbone tout en maximisant la qualit\u00e9 et l&rsquo;efficacit\u00e9.<\/p>\n<\/div><\/div>\n<\/div>\n\n\n\n<div class=\"wp-block-column is-layout-flow wp-block-column-is-layout-flow\">\n<div class=\"wp-block-media-text is-stacked-on-mobile is-vertically-aligned-top\" style=\"grid-template-columns:17% auto\"><figure class=\"wp-block-media-text__media\"><img decoding=\"async\" src=\"https:\/\/aquilon.com\/wp-content\/uploads\/2024\/03\/INCLUSIVITY-EMPOWERMENT_WIDE.svg\" alt=\"\" class=\"wp-image-2820 size-full\"\/><\/figure><div class=\"wp-block-media-text__content\">\n<p class=\"has-medium-font-size\">INCLUSIVIT\u00c9 RESPONSABILISATION<\/p>\n\n\n\n<p>Nos maillots de bain s&rsquo;adressent \u00e0 tous, quels que soient l&rsquo;\u00e2ge, la taille ou l&rsquo;origine. Au fur et \u00e0 mesure que le monde change, nous faisons \u00e9voluer en permanence les coupes, les tissus et les mod\u00e8les.<\/p>\n<\/div><\/div>\n<\/div>\n\n\n\n<div class=\"wp-block-column is-layout-flow wp-block-column-is-layout-flow\">\n<div class=\"wp-block-media-text is-stacked-on-mobile is-vertically-aligned-top\" style=\"grid-template-columns:15% auto\"><figure class=\"wp-block-media-text__media\"><img decoding=\"async\" src=\"https:\/\/aquilon.com\/wp-content\/uploads\/2024\/01\/STRONG-RELATIONSHIPS.svg\" alt=\"\" class=\"wp-image-2385 size-full\"\/><\/figure><div class=\"wp-block-media-text__content\">\n<p class=\"has-medium-font-size\">DES LIENS \u00c9TROITS<\/p>\n\n\n\n<p>Nos diverses relations avec des distributeurs en gros et des canaux allant du march\u00e9 de masse au march\u00e9 haut de gamme nous permettent d&rsquo;\u00e9tendre notre expertise et nos sites de production.<\/p>\n<\/div><\/div>\n<\/div>\n<\/div>\n\n\n<div class=\"tri-cbd container\" id=\"tri-cbd-block_7e10a1e9820102a66ba34513fd6e8e42\">\n    \n            <div class=\"tri-bg-green tri-description mb-40\">\n                                                <div class=\"row align-items-center justify-content-between tri-description__row tri-image-left\">\n                        <div class=\"col-lg-6\">\n                            <div class=\"tri-description__content\">\n                                                                <div class=\"tri-description__content-text\">\n                                    <p>Nous sommes sp\u00e9cialis\u00e9s dans la rapidit\u00e9 de mise sur le march\u00e9, la conception et l&rsquo;expertise technique. Les produits d&rsquo;Aquilon s&rsquo;adressent \u00e0 un large \u00e9ventail de march\u00e9s, de la grande distribution et du commerce \u00e9lectronique aux marques de luxe. Notre portefeuille diversifi\u00e9 offre quelque chose \u00e0 chaque consommateur, quelle que soit sa position sur l&rsquo;\u00e9chiquier de la mode.<\/p>\n\n                                        \t<a href=\"https:\/\/aquilon.com\/fr\/ce-que-nous-faisons-maillots-de-bain\/\" class=\"tri-btn tri-btn-main mt-30\" target=\"_self\">Apprenez-en plus sur ce que nous faisons<\/a>\n    \t                                <\/div>\n                            <\/div>\n                        <\/div>\n                        <div class=\"col-lg-6\">\n                            <div class=\"tri-description__image\">\n                                                                    <img decoding=\"async\" src=\"https:\/\/aquilon.com\/wp-content\/uploads\/2024\/02\/F0923T47_087_F-F0923S430_087_F-F0923T47_087_F-F0923P46_087_F-F1523T03_001_S-F1523P13_001_S.jpg\" alt=\"\">\n                                \n                                                            <\/div>\n                        <\/div>\n                    <\/div>\n                                    <\/div>\n    <\/div>\n\n\n\n\n\n<div class=\"tri-title mb-40\">\n\t<div class=\"container\">\n\t\t<div class=\"row justify-content-center\">\n\t\t\t<div class=\"col-lg-8\">\n\t\t\t\t<div class=\"text-center tri-title__content\">\n\t\t\t\t\t\t\t\t\t\t<h2>O\u00f9 nous sommes<\/h2>\n\t\t\t\t\t\n\t\t\t\t\t<p>Nos si\u00e8ges, r\u00e9partis entre Montr\u00e9al, New York, Los Angeles et Tel Aviv, sont strat\u00e9giquement positionn\u00e9s pour offrir des innovations aux quatre coins du monde. Nous employons plus de 200 personnes dans nos bureaux du monde entier, toutes dot\u00e9es d&rsquo;une grande exp\u00e9rience et d&rsquo;un riche bagage dans le domaine des maillots de bain, de la vente au d\u00e9tail et de la mode. L&rsquo;\u00e9quipe d&rsquo;Aquilon est pr\u00e9sente dans le monde entier, avec une gestion centralis\u00e9e et des bureaux sp\u00e9cialis\u00e9s dans le monde entier.<\/p>\n\t\t\t\t<\/div>\n\t\t\t<\/div>\n\t\t<\/div>\n\t<\/div>\n<\/div>\n\n\n\n\n\n\n\n<div class=\"tri-map tri-big-map mb-40 big-v2\">\n\t\n\t\t<div class=\"tri-map__image\">\n\t\t<img decoding=\"async\" src=\"https:\/\/aquilon.com\/wp-content\/uploads\/2024\/01\/Map-with-cities-1.png\" alt=\"\">\n\t<\/div>\n\t\t<div class=\"container\">\n\t\t<div class=\"tri-map__local\">\n\t\t\t<div class=\"row align-items-lg-stretch justify-content-center\">\n\t\t\t\t<div class=\"col-lg-4 col-md-6 col-sm-8\">\n\t\t\t\t\t<div class=\"tri-map__local-col\">\n\n\t\t\t\t\t\t\t\t\t\t\t\t<div class=\"tri-map__local-text\">\n\t\t\t\t\t\t\t\t\t\t\t\t\t\t<h6>Cr\u00e9ation, d\u00e9veloppement de produits et \u00e9quipes techniques<\/h6>\n\t\t\t\t\t\t\t\t\t\t\t\t\t\t<p>Notre force r\u00e9side dans la cr\u00e9ation et l&rsquo;innovation de l\u2019id\u00e9e \u00e0 la tablette, ce qui fait de nous un leader sur le march\u00e9 mondial du maillot de bain. Nos \u00e9quipes de conception et de cr\u00e9ation voyagent dans le monde entier pour trouver les derni\u00e8res tendances et de l&rsquo;inspiration. En investissant dans la technologie 3D la plus avanc\u00e9e qui soit, nous sommes en mesure de r\u00e9aliser les meilleurs rendus d&rsquo;ajustements et d&rsquo;\u00e9chantillons.<\/p>\n\t\t\t\t\t\t<\/div>\n\t\t\t\t\t\t\t\t\t\t\t\t<div class=\"d-flex flex-wrap tri-map__local-list\">\n\t\t\t\t\t\t\t\t\t\t\t\t\t<\/div>\n\t\t\t\t\t<\/div>\n\t\t\t\t<\/div>\n\t\t\t\t<div class=\"col-lg-4 col-md-6 col-sm-8\">\n\t\t\t\t\t<div class=\"tri-map__local-col\">\n\n\t\t\t\t\t\t\t\t\t\t\t\t<div class=\"tri-map__local-text\">\n\t\t\t\t\t\t\t\t\t\t\t\t\t\t<h6>Ventes, logistique et service \u00e0 la client\u00e8le<\/h6>\n\t\t\t\t\t\t\t\t\t\t\t\t\t\t<p>Nous poss\u00e9dons des centres de distribution au Canada, aux \u00c9tats-Unis, en Hongrie, en Isra\u00ebl et au Maroc qui poss\u00e8dent tous des \u00e9quipes de vente sp\u00e9cialis\u00e9es qui font affaires en Am\u00e9rique du Nord, en Europe et au Moyen-Orient. Nous poss\u00e9dons \u00e9galement des salles d&rsquo;exposition am\u00e9nag\u00e9es \u00e0 Montr\u00e9al et \u00e0 New York.<\/p>\n\t\t\t\t\t\t<\/div>\n\t\t\t\t\t\t\t\t\t\t\t\t<div class=\"d-flex flex-wrap tri-map__local-list\">\n\t\t\t\t\t\t\t\t\t\t\t\t\t<\/div>\n\t\t\t\t\t<\/div>\n\t\t\t\t<\/div>\n\t\t\t\t<div class=\"col-lg-4 col-md-6 col-sm-8\">\n\t\t\t\t\t<div class=\"tri-map__local-col\">\n\n\t\t\t\t\t\t\t\t\t\t\t\t<div class=\"tri-map__local-text\">\n\t\t\t\t\t\t\t\t\t\t\t\t\t\t<h6>Approvisionnement, production, assurance qualit\u00e9 et conformit\u00e9 des usines<\/h6>\n\t\t\t\t\t\t\t\t\t\t\t\t\t\t<p>La ville de Dongguan, en Chine, accueille notre centre asiatique d\u00e9di\u00e9 \u00e0 l&rsquo;approvisionnement, la production, l&rsquo;assurance qualit\u00e9 et la conformit\u00e9 de nos propres usines et de celles de nos distributeurs.<\/p>\n\t\t\t\t\t\t<\/div>\n\t\t\t\t\t\t\t\t\t\t\t\t<div class=\"d-flex flex-wrap tri-map__local-list\">\n\t\t\t\t\t\t\t\t\t\t\t\t\t<\/div>\n\t\t\t\t\t<\/div>\n\t\t\t\t<\/div>\n\t\t\t<\/div>\n\t\t<\/div>\n\t<\/div>\n\t\n\t\n","protected":false},"excerpt":{"rendered":"<p>Ce qui nous caract\u00e9rise MAITRISE DE LA CONCEPTION Aquilon est synonyme d&rsquo;excellence en mati\u00e8re de conception. Gr\u00e2ce \u00e0 notre r\u00e9seau mondial de cr\u00e9ateurs et \u00e0 nos \u00e9tudes de march\u00e9 constantes, nos maillots de bain ne se contentent pas de suivre les tendances, ils les cr\u00e9ent. PORT\u00c9E MONDIALE Notre r\u00e9seau de distribution couvre plus de soixante [&hellip;]<\/p>\n","protected":false},"author":5,"featured_media":0,"parent":0,"menu_order":0,"comment_status":"closed","ping_status":"closed","template":"","meta":{"_acf_changed":true,"inline_featured_image":false,"footnotes":""},"class_list":["post-3024","page","type-page","status-publish","hentry"],"acf":[],"_links":{"self":[{"href":"https:\/\/aquilon.com\/fr\/wp-json\/wp\/v2\/pages\/3024","targetHints":{"allow":["GET"]}}],"collection":[{"href":"https:\/\/aquilon.com\/fr\/wp-json\/wp\/v2\/pages"}],"about":[{"href":"https:\/\/aquilon.com\/fr\/wp-json\/wp\/v2\/types\/page"}],"author":[{"embeddable":true,"href":"https:\/\/aquilon.com\/fr\/wp-json\/wp\/v2\/users\/5"}],"replies":[{"embeddable":true,"href":"https:\/\/aquilon.com\/fr\/wp-json\/wp\/v2\/comments?post=3024"}],"version-history":[{"count":0,"href":"https:\/\/aquilon.com\/fr\/wp-json\/wp\/v2\/pages\/3024\/revisions"}],"wp:attachment":[{"href":"https:\/\/aquilon.com\/fr\/wp-json\/wp\/v2\/media?parent=3024"}],"curies":[{"name":"wp","href":"https:\/\/api.w.org\/{rel}","templated":true}]}}