{"id":3023,"date":"2024-07-12T20:01:53","date_gmt":"2024-07-12T20:01:53","guid":{"rendered":"https:\/\/aquilon.com\/?page_id=3023"},"modified":"2024-07-12T20:01:53","modified_gmt":"2024-07-12T20:01:53","slug":"durabilite","status":"publish","type":"page","link":"https:\/\/aquilon.com\/fr\/durabilite\/","title":{"rendered":"Durabilit\u00e9"},"content":{"rendered":"\n<div id=\"tri-big-banner-block_c5c7bbed9edde0b40e5d7774f2384307\" class=\"tri-big-banner mb-60\">\n \n        \n    <div class=\"tri-big-banner__image\">\n                    <img decoding=\"async\" src=\"https:\/\/aquilon.com\/wp-content\/uploads\/2021\/07\/top-view-shot-people-walking-varkala-beach.jpg\" alt=\"\">\n                \n            <\/div>\n\n    <div class=\"tri-big-banner__contact\">\n        <div class=\"container\">\n            <div class=\"row align-items-center justify-content-between flex-md-row flex-column\">\n                                    <div class=\"col-xl-7 col-lg-8 col-md-9 col-12\">\n                                                    <h1 class=\"tri-big-banner__contact-title\">Durabilit\u00e9<\/h1>\n                                            <\/div>\n\n                    <div class=\"col-md-3 col-12 text-right\">\n                                            <\/div>\n                            <\/div>\n        <\/div>\n    <\/div>\n<\/div>\n<div class=\"tri-cbd container\" id=\"tri-cbd-block_dddae6e7100cb1cbf1c50d168aa07934\">\n    \n    <\/div>\n\n<div class=\"wp-block-columns container flex-center is-layout-flex wp-container-core-columns-is-layout-9d6595d7 wp-block-columns-is-layout-flex\">\n<div class=\"wp-block-column is-layout-flow wp-block-column-is-layout-flow\">\n<h2 class=\"wp-block-heading\">Notre engagement<\/h2>\n\n\n\n<p>En tant que leader dans le secteur de la vente au d\u00e9tail et de la vente en gros de maillots de bain, Aquilon est conscient de l&rsquo;impact profond que les activit\u00e9s commerciales ont sur l&rsquo;environnement et le monde en g\u00e9n\u00e9ral. Nous sommes d\u00e9termin\u00e9s \u00e0 former nos employ\u00e9s aux meilleures pratiques afin de soutenir nos objectifs \u00e9volutifs en mati\u00e8re de durabilit\u00e9 et de conservation.<\/p>\n\n\n\n<h2 class=\"wp-block-heading\">Notre objectif<\/h2>\n\n\n\n<p>Notre objectif est de r\u00e9duire nos \u00e9missions de type 1 et 2 de 46,2 % d&rsquo;ici 2030 et d&rsquo;impliquer 70 % de nos fournisseurs dans cette d\u00e9marche d&rsquo;ici 2025. <\/p>\n<\/div>\n\n\n\n<div class=\"wp-block-column is-layout-flow wp-block-column-is-layout-flow\">\n<figure class=\"wp-block-image size-large\"><img loading=\"lazy\" decoding=\"async\" width=\"1024\" height=\"1024\" src=\"https:\/\/aquilon.com\/wp-content\/uploads\/2021\/06\/Krista-Sport-e1626666142528-1024x1024.jpg\" alt=\"\" class=\"wp-image-496\" srcset=\"https:\/\/aquilon.com\/wp-content\/uploads\/2021\/06\/Krista-Sport-e1626666142528-1024x1024.jpg 1024w, https:\/\/aquilon.com\/wp-content\/uploads\/2021\/06\/Krista-Sport-e1626666142528-300x300.jpg 300w, https:\/\/aquilon.com\/wp-content\/uploads\/2021\/06\/Krista-Sport-e1626666142528-150x150.jpg 150w, https:\/\/aquilon.com\/wp-content\/uploads\/2021\/06\/Krista-Sport-e1626666142528-768x767.jpg 768w, https:\/\/aquilon.com\/wp-content\/uploads\/2021\/06\/Krista-Sport-e1626666142528.jpg 1300w\" sizes=\"auto, (max-width: 1024px) 100vw, 1024px\" \/><\/figure>\n<\/div>\n<\/div>\n    <div class=\"tri-title mb-60 no-margin\" id=\"tri-title-block_beeba1c38f76b7d8a8d3ca2867c7a6b3\">\n        <div class=\"container\">\n            <div class=\"row justify-content-center\">\n                <div class=\"col-lg-6\">\n                    <div class=\"text-center tri-title__content\">\n                                                    <h2>Nos pratiques en mati\u00e8re de d\u00e9veloppement durable<\/h2>\n                                                                    <\/div>\n                <\/div>\n            <\/div>\n        <\/div>\n    <\/div>\n\n    \n\n\n<div class=\"wp-block-columns container small-icons is-layout-flex wp-container-core-columns-is-layout-9d6595d7 wp-block-columns-is-layout-flex\">\n<div class=\"wp-block-column is-layout-flow wp-block-column-is-layout-flow\">\n<div class=\"wp-block-media-text is-stacked-on-mobile is-vertically-aligned-top\" style=\"grid-template-columns:15% auto\"><figure class=\"wp-block-media-text__media\"><img decoding=\"async\" src=\"https:\/\/aquilon.com\/wp-content\/uploads\/2024\/02\/3D-TECHNOLOGY.svg\" alt=\"\" class=\"wp-image-2529 size-full\"\/><\/figure><div class=\"wp-block-media-text__content\">\n<p class=\"has-medium-font-size\">TECHNOLOGIE 3D ET CONCEPTIONS VIRTUELLES<\/p>\n\n\n\n<p>Nous int\u00e9grons la conception et l&rsquo;am\u00e9nagement virtuels dans l&rsquo;\u00e9laboration de nos concepts afin de r\u00e9duire les d\u00e9chets et d&rsquo;acc\u00e9l\u00e9rer le d\u00e9veloppement.<\/p>\n<\/div><\/div>\n<\/div>\n\n\n\n<div class=\"wp-block-column is-layout-flow wp-block-column-is-layout-flow\">\n<div class=\"wp-block-media-text is-stacked-on-mobile is-vertically-aligned-top\" style=\"grid-template-columns:15% auto\"><figure class=\"wp-block-media-text__media\"><img decoding=\"async\" src=\"https:\/\/aquilon.com\/wp-content\/uploads\/2024\/02\/ETHICAL-SOURCING.svg\" alt=\"\" class=\"wp-image-2531 size-full\"\/><\/figure><div class=\"wp-block-media-text__content\">\n<p class=\"has-medium-font-size\">APPROVISIONNEMENT \u00c9THIQUE<\/p>\n\n\n\n<p>Nous nous engageons \u00e0 respecter des normes de durabilit\u00e9 environnementale dans nos usines de pr\u00e9traitement, de teinture, d&rsquo;impression, de finition et de lavage. Nous ne travaillons qu&rsquo;avec des partenaires qui partagent nos valeurs et nous ex\u00e9cutons les commandes de nos clients dans nos usines, qui respectent \u00e0 100 % les normes sociales et qui ont fait l&rsquo;objet d&rsquo;un audit.<\/p>\n<\/div><\/div>\n<\/div>\n<\/div>\n\n<div class=\"wp-block-columns container small-icons is-layout-flex wp-container-core-columns-is-layout-9d6595d7 wp-block-columns-is-layout-flex\">\n<div class=\"wp-block-column is-layout-flow wp-block-column-is-layout-flow\">\n<div class=\"wp-block-media-text is-stacked-on-mobile is-vertically-aligned-top\" style=\"grid-template-columns:15% auto\"><figure class=\"wp-block-media-text__media\"><img decoding=\"async\" src=\"https:\/\/aquilon.com\/wp-content\/uploads\/2024\/02\/SUSTAINABILITY-COMMITMENT-1.svg\" alt=\"\" class=\"wp-image-2533 size-full\"\/><\/figure><div class=\"wp-block-media-text__content\">\n<p class=\"has-medium-font-size\">CHA\u00ceNE D&rsquo;APPROVISIONNEMENT TRANSPARENTE<\/p>\n\n\n\n<p>Nous prenons les devants en faisant des choix durables dans nos processus de fabrication et de distribution. Nos fils, nos usines de tissus et nos fabriques respectent les normes mondiales de recyclage (GRS) et d&rsquo;all\u00e9gation de recyclage (RCS) afin de garantir que nos collections de maillots de bain contiennent environ 80 % de mat\u00e9riaux recycl\u00e9s. <\/p>\n<\/div><\/div>\n<\/div>\n\n\n\n<div class=\"wp-block-column is-layout-flow wp-block-column-is-layout-flow\">\n<div class=\"wp-block-media-text is-stacked-on-mobile is-vertically-aligned-top\" style=\"grid-template-columns:15% auto\"><figure class=\"wp-block-media-text__media\"><img decoding=\"async\" src=\"https:\/\/aquilon.com\/wp-content\/uploads\/2024\/02\/SUPPORT-OF-THE-PARIS-AGREEMENT.svg\" alt=\"\" class=\"wp-image-2535 size-full\"\/><\/figure><div class=\"wp-block-media-text__content\">\n<p class=\"has-medium-font-size\">SOUTIEN \u00c0 L&rsquo;ACCORD DE PARIS<\/p>\n\n\n\n<p>Nous nous alignons sur l&rsquo;Accord de Paris, un accord international historique visant \u00e0 limiter le r\u00e9chauffement climatique et \u00e0 assurer la transition vers une \u00e9conomie \u00e0 faible \u00e9mission de carbone. Nous nous effor\u00e7ons de minimiser la d\u00e9forestation et d&rsquo;\u00e9conomiser l&rsquo;eau afin de prot\u00e9ger notre environnement.<\/p>\n<\/div><\/div>\n<\/div>\n<\/div>\n<div class=\"tri-bg-peach\">\n    <div id=\"tri-brands-slider-block_76ba512d0d43ddd3c52e71a1ff082441\" class=\"tri-brands-slider\">\n        <div class=\"container\">\n            <div class=\"row\">\n                <div class=\"col-md-12\">\n                                            <div class=\"tri-brands__content-title\">\n                            <h3>Nos partenaires environnementaux<\/h3>\n                        <\/div>\n                                    <\/div>\n                <div class=\"col-md-12\">\n                                            <div class=\"tri-brands__content-description\">\n                            <p>Nous sommes fiers d&rsquo;\u00eatre affili\u00e9s \u00e0 plusieurs organisations et initiatives qui partagent notre engagement \u00e0 produire une empreinte plus durable.<\/p>\n                        <\/div>\n                                    <\/div>\n            <\/div>\n\n            <div class=\"tri-brands-slider__wrapp\">\n                <div class=\"swiper-container\">\n                    <div class=\"swiper-wrapper\">\n                                                    <div class=\"swiper-slide\">\n                                                                    <img decoding=\"async\" src=\"https:\/\/aquilon.com\/wp-content\/uploads\/2021\/08\/1200px-Carbon_Disclosure_Project_logo.svg.png\" alt=\"CDP\">\n                                                            <\/div>\n                                                    <div class=\"swiper-slide\">\n                                                                    <img decoding=\"async\" src=\"https:\/\/aquilon.com\/wp-content\/uploads\/2021\/09\/bureau-veritas-3-logo-png-transparent.png\" alt=\"Bureau Veritas\">\n                                                            <\/div>\n                                                    <div class=\"swiper-slide\">\n                                                                    <img decoding=\"async\" src=\"https:\/\/aquilon.com\/wp-content\/uploads\/2021\/09\/BWlogo-Horiz-rgb_retina.png\" alt=\"Better Work\">\n                                                            <\/div>\n                                                    <div class=\"swiper-slide\">\n                                                                    <img decoding=\"async\" src=\"https:\/\/aquilon.com\/wp-content\/uploads\/2021\/09\/logo-elevate.svg\" alt=\"Elevate\">\n                                                            <\/div>\n                                                    <div class=\"swiper-slide\">\n                                                                    <img decoding=\"async\" src=\"https:\/\/aquilon.com\/wp-content\/uploads\/2021\/08\/fsc_logo1.png\" alt=\"Forest\">\n                                                            <\/div>\n                                                    <div class=\"swiper-slide\">\n                                                                    <img decoding=\"async\" src=\"https:\/\/aquilon.com\/wp-content\/uploads\/2021\/09\/HI_Logo_WHT.png\" alt=\"Higg Index\">\n                                                            <\/div>\n                                                    <div class=\"swiper-slide\">\n                                                                    <img decoding=\"async\" src=\"https:\/\/aquilon.com\/wp-content\/uploads\/2021\/09\/Inspectorio-Rise.png\" alt=\"Inspectorio Rise\">\n                                                            <\/div>\n                                                    <div class=\"swiper-slide\">\n                                                                    <img decoding=\"async\" src=\"https:\/\/aquilon.com\/wp-content\/uploads\/2021\/08\/OEKO-TEX_logo_positive-f0db4e9aa076f4fg03eb6476eae6c5d0@2x.png\" alt=\"Oeko Tex\">\n                                                            <\/div>\n                                                    <div class=\"swiper-slide\">\n                                                                    <img decoding=\"async\" src=\"https:\/\/aquilon.com\/wp-content\/uploads\/2024\/01\/EEQlogoRGBhiresGREENnoSignature.png\" alt=\"Eco\">\n                                                            <\/div>\n                                                    <div class=\"swiper-slide\">\n                                                                    <img decoding=\"async\" src=\"https:\/\/aquilon.com\/wp-content\/uploads\/2024\/01\/rpra.png\" alt=\"RPRA\">\n                                                            <\/div>\n                                                    <div class=\"swiper-slide\">\n                                                                    <img decoding=\"async\" src=\"https:\/\/aquilon.com\/wp-content\/uploads\/2021\/09\/source-intelligence-1200px-logo.png\" alt=\"Source Intelligence\">\n                                                            <\/div>\n                                                    <div class=\"swiper-slide\">\n                                                                    <img decoding=\"async\" src=\"https:\/\/aquilon.com\/wp-content\/uploads\/2024\/01\/Cascale-logo.png\" alt=\"Cascale\">\n                                                            <\/div>\n                                                    <div class=\"swiper-slide\">\n                                                                    <img decoding=\"async\" src=\"https:\/\/aquilon.com\/wp-content\/uploads\/2024\/01\/textile.png\" alt=\"Textile\">\n                                                            <\/div>\n                                            <\/div>\n                <\/div>\n                <div class=\"swiper-button-prev tri-brands-description__prev\"><\/div>\n                <div class=\"swiper-button-next tri-brands-description__next\"><\/div>\n            <\/div>\n        <\/div>\n    <\/div>\n<\/div>","protected":false},"excerpt":{"rendered":"<p>Notre engagement En tant que leader dans le secteur de la vente au d\u00e9tail et de la vente en gros de maillots de bain, Aquilon est conscient de l&rsquo;impact profond que les activit\u00e9s commerciales ont sur l&rsquo;environnement et le monde en g\u00e9n\u00e9ral. Nous sommes d\u00e9termin\u00e9s \u00e0 former nos employ\u00e9s aux meilleures pratiques afin de soutenir [&hellip;]<\/p>\n","protected":false},"author":5,"featured_media":0,"parent":0,"menu_order":0,"comment_status":"closed","ping_status":"closed","template":"","meta":{"_acf_changed":false,"inline_featured_image":false,"footnotes":""},"class_list":["post-3023","page","type-page","status-publish","hentry"],"acf":[],"_links":{"self":[{"href":"https:\/\/aquilon.com\/fr\/wp-json\/wp\/v2\/pages\/3023","targetHints":{"allow":["GET"]}}],"collection":[{"href":"https:\/\/aquilon.com\/fr\/wp-json\/wp\/v2\/pages"}],"about":[{"href":"https:\/\/aquilon.com\/fr\/wp-json\/wp\/v2\/types\/page"}],"author":[{"embeddable":true,"href":"https:\/\/aquilon.com\/fr\/wp-json\/wp\/v2\/users\/5"}],"replies":[{"embeddable":true,"href":"https:\/\/aquilon.com\/fr\/wp-json\/wp\/v2\/comments?post=3023"}],"version-history":[{"count":0,"href":"https:\/\/aquilon.com\/fr\/wp-json\/wp\/v2\/pages\/3023\/revisions"}],"wp:attachment":[{"href":"https:\/\/aquilon.com\/fr\/wp-json\/wp\/v2\/media?parent=3023"}],"curies":[{"name":"wp","href":"https:\/\/api.w.org\/{rel}","templated":true}]}}