{"id":3021,"date":"2024-07-11T21:23:58","date_gmt":"2024-07-11T21:23:58","guid":{"rendered":"https:\/\/aquilon.com\/?page_id=3021"},"modified":"2024-07-11T21:23:59","modified_gmt":"2024-07-11T21:23:59","slug":"politique-de-confidentialite","status":"publish","type":"page","link":"https:\/\/aquilon.com\/fr\/politique-de-confidentialite\/","title":{"rendered":"Politique de confidentialit\u00e9"},"content":{"rendered":"\n<div id=\"tri-big-banner-block_8a049bd588f69109547e3901f500a478\" class=\"tri-big-banner mb-60\">\n \n        \n    <div class=\"tri-big-banner__image\">\n                    <img decoding=\"async\" src=\"https:\/\/aquilon.com\/wp-content\/uploads\/2021\/08\/beautiful-outdoor-tropical-beach-sea-paradise-island.jpg\" alt=\"\">\n                \n            <\/div>\n\n    <div class=\"tri-big-banner__contact\">\n        <div class=\"container\">\n            <div class=\"row align-items-center justify-content-between flex-md-row flex-column\">\n                                    <div class=\"col-xl-7 col-lg-8 col-md-9 col-12\">\n                                                    <h1 class=\"tri-big-banner__contact-title\">Politique de confidentialit\u00e9<\/h1>\n                                            <\/div>\n\n                    <div class=\"col-md-3 col-12 text-right\">\n                                            <\/div>\n                            <\/div>\n        <\/div>\n    <\/div>\n<\/div>\n\n<div class=\"wp-block-group\"><div class=\"wp-block-group__inner-container is-layout-constrained wp-block-group-is-layout-constrained\">\n<div class=\"wp-block-columns container is-layout-flex wp-container-core-columns-is-layout-9d6595d7 wp-block-columns-is-layout-flex\">\n<div class=\"wp-block-column is-layout-flow wp-block-column-is-layout-flow\">\n<p>Chez Aquilon, nous nous engageons \u00e0 pr\u00e9server votre droit \u00e0 la vie priv\u00e9e et nous nous assurons que toutes les mesures possibles sont prises pour prot\u00e9ger l&rsquo;utilisation de toute information que nous recueillons dans nos syst\u00e8mes et sur notre site web. Aquilon respecte pleinement la Loi sur la protection des renseignements personnels et les documents \u00e9lectroniques (LPRPDE).<\/p>\n\n\n\n<p>Aquilon peut recueillir des informations personnelles que vous avez fournies dans le but d&rsquo;\u00e9tablir et de maintenir une relation commerciale responsable et de comprendre vos besoins afin de d\u00e9velopper et\/ou de recommander des produits et des services qui vous int\u00e9ressent. Vos informations personnelles ne seront pas utilis\u00e9es \u00e0 d&rsquo;autres fins sans votre consentement.<\/p>\n\n\n\n<p>Aquilon ne vend ni ne partage en AUCUN cas les informations personnelles, l&rsquo;adresse \u00e9lectronique ou les listes de contacts avec des tiers. Si vous nous fournissez des informations personnelles, elles ne seront utilis\u00e9es qu&rsquo;\u00e0 l&rsquo;interne pour identifier, communiquer et vous fournir des informations, des conseils et\/ou des solutions pertinentes pour r\u00e9pondre \u00e0 vos besoins.<\/p>\n\n\n\n<p>Contactez-nous \u00e0 tout moment pour nous faire part de vos questions et\/ou pr\u00e9occupations.<\/p>\n<\/div>\n<\/div>\n<\/div><\/div>\n","protected":false},"excerpt":{"rendered":"<p>Chez Aquilon, nous nous engageons \u00e0 pr\u00e9server votre droit \u00e0 la vie priv\u00e9e et nous nous assurons que toutes les mesures possibles sont prises pour prot\u00e9ger l&rsquo;utilisation de toute information que nous recueillons dans nos syst\u00e8mes et sur notre site web. Aquilon respecte pleinement la Loi sur la protection des renseignements personnels et les documents [&hellip;]<\/p>\n","protected":false},"author":10,"featured_media":0,"parent":0,"menu_order":0,"comment_status":"closed","ping_status":"closed","template":"","meta":{"_acf_changed":false,"inline_featured_image":false,"footnotes":""},"class_list":["post-3021","page","type-page","status-publish","hentry"],"acf":[],"_links":{"self":[{"href":"https:\/\/aquilon.com\/fr\/wp-json\/wp\/v2\/pages\/3021","targetHints":{"allow":["GET"]}}],"collection":[{"href":"https:\/\/aquilon.com\/fr\/wp-json\/wp\/v2\/pages"}],"about":[{"href":"https:\/\/aquilon.com\/fr\/wp-json\/wp\/v2\/types\/page"}],"author":[{"embeddable":true,"href":"https:\/\/aquilon.com\/fr\/wp-json\/wp\/v2\/users\/10"}],"replies":[{"embeddable":true,"href":"https:\/\/aquilon.com\/fr\/wp-json\/wp\/v2\/comments?post=3021"}],"version-history":[{"count":0,"href":"https:\/\/aquilon.com\/fr\/wp-json\/wp\/v2\/pages\/3021\/revisions"}],"wp:attachment":[{"href":"https:\/\/aquilon.com\/fr\/wp-json\/wp\/v2\/media?parent=3021"}],"curies":[{"name":"wp","href":"https:\/\/api.w.org\/{rel}","templated":true}]}}